{"id":1122,"date":"2025-03-30T02:05:28","date_gmt":"2025-03-30T02:05:28","guid":{"rendered":"https:\/\/www.eltoro.rs\/menu\/pepper-steak\/"},"modified":"2025-04-17T21:12:19","modified_gmt":"2025-04-17T21:12:19","slug":"bistecca-al-pepe","status":"publish","type":"page","link":"https:\/\/eltoro.rs\/it\/menu\/bistecca-al-pepe\/","title":{"rendered":"BISTECCA AL PEPE"},"content":{"rendered":"\n<div class=\"wp-block-group has-global-padding is-layout-constrained wp-container-core-group-is-layout-c5903013 wp-block-group-is-layout-constrained\" style=\"padding-right:0px;padding-left:0px\">\n<figure class=\"wp-block-image alignfull size-full jela__opis-slika\"><img loading=\"lazy\" decoding=\"async\" width=\"1600\" height=\"1067\" src=\"https:\/\/eltoro.rs\/wp-content\/uploads\/2025\/03\/Peper-steak.jpg\" alt=\"\" class=\"wp-image-1086\" srcset=\"https:\/\/eltoro.rs\/wp-content\/uploads\/2025\/03\/Peper-steak.jpg 1600w, https:\/\/eltoro.rs\/wp-content\/uploads\/2025\/03\/Peper-steak-300x200.jpg 300w, https:\/\/eltoro.rs\/wp-content\/uploads\/2025\/03\/Peper-steak-1024x683.jpg 1024w, https:\/\/eltoro.rs\/wp-content\/uploads\/2025\/03\/Peper-steak-768x512.jpg 768w, https:\/\/eltoro.rs\/wp-content\/uploads\/2025\/03\/Peper-steak-1536x1024.jpg 1536w\" sizes=\"auto, (max-width: 1600px) 100vw, 1600px\" \/><\/figure>\n<\/div>\n\n\n\n<div class=\"wp-block-group has-global-padding is-layout-constrained wp-container-core-group-is-layout-3c3e4b16 wp-block-group-is-layout-constrained\" style=\"margin-top:var(--wp--preset--spacing--60);margin-bottom:var(--wp--preset--spacing--60);padding-right:20px;padding-left:20px\">\n<div class=\"wp-block-group has-global-padding is-layout-constrained wp-container-core-group-is-layout-f9a37a7f wp-block-group-is-layout-constrained\" style=\"margin-top:0;margin-bottom:0\">\n<div class=\"wp-block-group has-global-padding is-layout-constrained wp-container-core-group-is-layout-c19476fc wp-block-group-is-layout-constrained\">\n<div class=\"wp-block-group has-global-padding is-layout-constrained wp-container-core-group-is-layout-54c64c22 wp-block-group-is-layout-constrained\">\n<hr class=\"wp-block-separator has-alpha-channel-opacity\"\/>\n<\/div>\n<\/div>\n\n\n\n<h2 class=\"wp-block-heading has-text-align-center has-black-color has-text-color has-link-color has-x-large-font-size wp-elements-a1e20c2e232579a272757e7073e7ea7c\">BISTECCA AL PEPE<\/h2>\n\n\n\n<p class=\"has-text-align-center has-red-color has-text-color has-link-color has-medium-font-size wp-elements-9f74a19b36e1526f6938bf1ae65328c5\"><em>La bistecca pi\u00f9 piccante per veri intenditori<\/em><\/p>\n\n\n\n<p class=\"has-text-align-center has-grey-color has-text-color has-link-color has-medium-font-size wp-elements-29171e8e874234b775b23140ba82cd4f\">Il Pepper Steak \u00e8 noto come la bistecca pi\u00f9 piccante, perfetta per gli amanti dei sapori speziati e ricchi. Questa bistecca premium \u00e8 preparata con filetto di manzo di alta qualit\u00e0, grigliato con cura per mantenere la succosit\u00e0 e il gusto naturale della carne.<\/p>\n\n\n\n<p class=\"has-text-align-center has-grey-color has-text-color has-link-color has-medium-font-size wp-elements-b760189ccfef4ec5e3b1e92b02b5e134\">La caratteristica principale \u00e8 la salsa piccante preparata con almeno 5-6 tipi di pepe, per ottenere un equilibrio perfetto tra piccantezza e ricchezza di sapore. La salsa viene preparata per 48 ore affinch\u00e9 tutti gli ingredienti si amalgamino e offrano un&#8217;esperienza aromatica intensa. Viene poi applicata con attenzione sulla carne, permettendo al pepe di penetrare in ogni morso e donare alla bistecca una nota speziata decisa.<\/p>\n\n\n\n<p class=\"has-text-align-center has-grey-color has-text-color has-link-color has-medium-font-size wp-elements-0db95f1ace0dcd395b4ed8052d33adce\">Le bistecche sono cotte dal livello al sangue fino a media cottura, con l\u2019obiettivo di mantenere succosit\u00e0 e consistenza.<\/p>\n\n\n\n<p><\/p>\n<\/div>\n\n\n\n<div class=\"wp-block-group is-layout-flow wp-container-core-group-is-layout-4776eb64 wp-block-group-is-layout-flow\" style=\"margin-top:80px;margin-bottom:0\">\n<div class=\"wp-block-group has-global-padding is-layout-constrained wp-container-core-group-is-layout-c19476fc wp-block-group-is-layout-constrained\">\n<div class=\"wp-block-group has-global-padding is-layout-constrained wp-container-core-group-is-layout-54c64c22 wp-block-group-is-layout-constrained\">\n<hr class=\"wp-block-separator has-alpha-channel-opacity\"\/>\n<\/div>\n<\/div>\n\n\n\n<h2 class=\"wp-block-heading has-text-align-center has-black-color has-text-color has-link-color has-x-large-font-size wp-elements-0fb63401e790f383100228cde4dbef05\">Caratteristiche del Pepper Steak:<\/h2>\n\n\n\n<p class=\"has-text-align-center has-grey-color has-text-color has-link-color has-medium-font-size wp-elements-816c52639c9895892c56481873879e88\">\u2022 Carne di manzo nota per la sua succosit\u00e0 e sapore ricco<br>\u2022 Crosta aromatica con miscela di 5-6 tipi di pepe<br>\u2022 Cotta alla griglia secondo le vostre preferenze<br>\u2022 Ideale per gli amanti dei sapori speziati e intensi<\/p>\n\n\n\n<p><\/p>\n\n\n\n<p><\/p>\n<\/div>\n<\/div>\n","protected":false},"excerpt":{"rendered":"<p>BISTECCA AL PEPE La bistecca pi\u00f9 piccante per veri intenditori Il Pepper Steak \u00e8 noto come la bistecca pi\u00f9 piccante, perfetta per gli amanti dei sapori speziati e ricchi. Questa bistecca premium \u00e8 preparata con filetto di manzo di alta qualit\u00e0, grigliato con cura per mantenere la succosit\u00e0 e il gusto naturale della carne. La [&hellip;]<\/p>\n","protected":false},"author":1,"featured_media":0,"parent":414,"menu_order":0,"comment_status":"closed","ping_status":"closed","template":"wp-custom-template-page-white","meta":{"footnotes":""},"class_list":["post-1122","page","type-page","status-publish","hentry"],"yoast_head":"<!-- This site is optimized with the Yoast SEO plugin v25.3.1 - https:\/\/yoast.com\/wordpress\/plugins\/seo\/ -->\n<title>BISTECCA AL PEPE - toro<\/title>\n<meta name=\"description\" content=\"NAJSTARIJI STAKEHOUSE EL TORO,\u00a0SINCE\u00a02003.\" \/>\n<meta name=\"robots\" content=\"index, follow, max-snippet:-1, max-image-preview:large, max-video-preview:-1\" \/>\n<link rel=\"canonical\" href=\"https:\/\/eltoro.rs\/it\/menu\/bistecca-al-pepe\/\" \/>\n<meta property=\"og:locale\" content=\"it_IT\" \/>\n<meta property=\"og:type\" content=\"article\" \/>\n<meta property=\"og:title\" content=\"BISTECCA AL PEPE - toro\" \/>\n<meta property=\"og:description\" content=\"NAJSTARIJI STAKEHOUSE EL TORO,\u00a0SINCE\u00a02003.\" \/>\n<meta property=\"og:url\" content=\"https:\/\/eltoro.rs\/it\/menu\/bistecca-al-pepe\/\" \/>\n<meta property=\"og:site_name\" content=\"toro\" \/>\n<meta property=\"article:modified_time\" content=\"2025-04-17T21:12:19+00:00\" \/>\n<meta property=\"og:image\" content=\"https:\/\/eltoro.rs\/wp-content\/uploads\/2025\/03\/Peper-steak.jpg\" \/>\n\t<meta property=\"og:image:width\" content=\"1600\" \/>\n\t<meta property=\"og:image:height\" content=\"1067\" \/>\n\t<meta property=\"og:image:type\" content=\"image\/jpeg\" \/>\n<meta name=\"twitter:card\" content=\"summary_large_image\" \/>\n<meta name=\"twitter:label1\" content=\"Tempo di lettura stimato\" \/>\n\t<meta name=\"twitter:data1\" content=\"1 minuto\" \/>\n<script type=\"application\/ld+json\" class=\"yoast-schema-graph\">{\"@context\":\"https:\/\/schema.org\",\"@graph\":[{\"@type\":\"WebPage\",\"@id\":\"https:\/\/eltoro.rs\/it\/menu\/bistecca-al-pepe\/\",\"url\":\"https:\/\/eltoro.rs\/it\/menu\/bistecca-al-pepe\/\",\"name\":\"BISTECCA AL PEPE - toro\",\"isPartOf\":{\"@id\":\"https:\/\/eltoro.rs\/#website\"},\"primaryImageOfPage\":{\"@id\":\"https:\/\/eltoro.rs\/it\/menu\/bistecca-al-pepe\/#primaryimage\"},\"image\":{\"@id\":\"https:\/\/eltoro.rs\/it\/menu\/bistecca-al-pepe\/#primaryimage\"},\"thumbnailUrl\":\"https:\/\/eltoro.rs\/wp-content\/uploads\/2025\/03\/Peper-steak.jpg\",\"datePublished\":\"2025-03-30T02:05:28+00:00\",\"dateModified\":\"2025-04-17T21:12:19+00:00\",\"description\":\"NAJSTARIJI STAKEHOUSE EL TORO,\u00a0SINCE\u00a02003.\",\"breadcrumb\":{\"@id\":\"https:\/\/eltoro.rs\/it\/menu\/bistecca-al-pepe\/#breadcrumb\"},\"inLanguage\":\"it-IT\",\"potentialAction\":[{\"@type\":\"ReadAction\",\"target\":[\"https:\/\/eltoro.rs\/it\/menu\/bistecca-al-pepe\/\"]}]},{\"@type\":\"ImageObject\",\"inLanguage\":\"it-IT\",\"@id\":\"https:\/\/eltoro.rs\/it\/menu\/bistecca-al-pepe\/#primaryimage\",\"url\":\"https:\/\/eltoro.rs\/wp-content\/uploads\/2025\/03\/Peper-steak.jpg\",\"contentUrl\":\"https:\/\/eltoro.rs\/wp-content\/uploads\/2025\/03\/Peper-steak.jpg\"},{\"@type\":\"BreadcrumbList\",\"@id\":\"https:\/\/eltoro.rs\/it\/menu\/bistecca-al-pepe\/#breadcrumb\",\"itemListElement\":[{\"@type\":\"ListItem\",\"position\":1,\"name\":\"Home\",\"item\":\"https:\/\/eltoro.rs\/it\/\"},{\"@type\":\"ListItem\",\"position\":2,\"name\":\"Menu\",\"item\":\"https:\/\/eltoro.rs\/it\/menu\/\"},{\"@type\":\"ListItem\",\"position\":3,\"name\":\"BISTECCA AL PEPE\"}]},{\"@type\":\"WebSite\",\"@id\":\"https:\/\/eltoro.rs\/#website\",\"url\":\"https:\/\/eltoro.rs\/\",\"name\":\"STEAKHOUSE EL TORO since 2023\",\"description\":\"STEAKHOUSE EL TORO since 2003\",\"publisher\":{\"@id\":\"https:\/\/eltoro.rs\/#organization\"},\"potentialAction\":[{\"@type\":\"SearchAction\",\"target\":{\"@type\":\"EntryPoint\",\"urlTemplate\":\"https:\/\/eltoro.rs\/?s={search_term_string}\"},\"query-input\":{\"@type\":\"PropertyValueSpecification\",\"valueRequired\":true,\"valueName\":\"search_term_string\"}}],\"inLanguage\":\"it-IT\"},{\"@type\":\"Organization\",\"@id\":\"https:\/\/eltoro.rs\/#organization\",\"name\":\"STEAKHOUSE EL TORO since 2023\",\"url\":\"https:\/\/eltoro.rs\/\",\"logo\":{\"@type\":\"ImageObject\",\"inLanguage\":\"it-IT\",\"@id\":\"https:\/\/eltoro.rs\/#\/schema\/logo\/image\/\",\"url\":\"https:\/\/eltoro.rs\/wp-content\/uploads\/2024\/12\/el-toro-logo.png\",\"contentUrl\":\"https:\/\/eltoro.rs\/wp-content\/uploads\/2024\/12\/el-toro-logo.png\",\"width\":151,\"height\":84,\"caption\":\"STEAKHOUSE EL TORO since 2023\"},\"image\":{\"@id\":\"https:\/\/eltoro.rs\/#\/schema\/logo\/image\/\"}}]}<\/script>\n<!-- \/ Yoast SEO plugin. -->","yoast_head_json":{"title":"BISTECCA AL PEPE - toro","description":"NAJSTARIJI STAKEHOUSE EL TORO,\u00a0SINCE\u00a02003.","robots":{"index":"index","follow":"follow","max-snippet":"max-snippet:-1","max-image-preview":"max-image-preview:large","max-video-preview":"max-video-preview:-1"},"canonical":"https:\/\/eltoro.rs\/it\/menu\/bistecca-al-pepe\/","og_locale":"it_IT","og_type":"article","og_title":"BISTECCA AL PEPE - toro","og_description":"NAJSTARIJI STAKEHOUSE EL TORO,\u00a0SINCE\u00a02003.","og_url":"https:\/\/eltoro.rs\/it\/menu\/bistecca-al-pepe\/","og_site_name":"toro","article_modified_time":"2025-04-17T21:12:19+00:00","og_image":[{"width":1600,"height":1067,"url":"https:\/\/eltoro.rs\/wp-content\/uploads\/2025\/03\/Peper-steak.jpg","type":"image\/jpeg"}],"twitter_card":"summary_large_image","twitter_misc":{"Tempo di lettura stimato":"1 minuto"},"schema":{"@context":"https:\/\/schema.org","@graph":[{"@type":"WebPage","@id":"https:\/\/eltoro.rs\/it\/menu\/bistecca-al-pepe\/","url":"https:\/\/eltoro.rs\/it\/menu\/bistecca-al-pepe\/","name":"BISTECCA AL PEPE - toro","isPartOf":{"@id":"https:\/\/eltoro.rs\/#website"},"primaryImageOfPage":{"@id":"https:\/\/eltoro.rs\/it\/menu\/bistecca-al-pepe\/#primaryimage"},"image":{"@id":"https:\/\/eltoro.rs\/it\/menu\/bistecca-al-pepe\/#primaryimage"},"thumbnailUrl":"https:\/\/eltoro.rs\/wp-content\/uploads\/2025\/03\/Peper-steak.jpg","datePublished":"2025-03-30T02:05:28+00:00","dateModified":"2025-04-17T21:12:19+00:00","description":"NAJSTARIJI STAKEHOUSE EL TORO,\u00a0SINCE\u00a02003.","breadcrumb":{"@id":"https:\/\/eltoro.rs\/it\/menu\/bistecca-al-pepe\/#breadcrumb"},"inLanguage":"it-IT","potentialAction":[{"@type":"ReadAction","target":["https:\/\/eltoro.rs\/it\/menu\/bistecca-al-pepe\/"]}]},{"@type":"ImageObject","inLanguage":"it-IT","@id":"https:\/\/eltoro.rs\/it\/menu\/bistecca-al-pepe\/#primaryimage","url":"https:\/\/eltoro.rs\/wp-content\/uploads\/2025\/03\/Peper-steak.jpg","contentUrl":"https:\/\/eltoro.rs\/wp-content\/uploads\/2025\/03\/Peper-steak.jpg"},{"@type":"BreadcrumbList","@id":"https:\/\/eltoro.rs\/it\/menu\/bistecca-al-pepe\/#breadcrumb","itemListElement":[{"@type":"ListItem","position":1,"name":"Home","item":"https:\/\/eltoro.rs\/it\/"},{"@type":"ListItem","position":2,"name":"Menu","item":"https:\/\/eltoro.rs\/it\/menu\/"},{"@type":"ListItem","position":3,"name":"BISTECCA AL PEPE"}]},{"@type":"WebSite","@id":"https:\/\/eltoro.rs\/#website","url":"https:\/\/eltoro.rs\/","name":"STEAKHOUSE EL TORO since 2023","description":"STEAKHOUSE EL TORO since 2003","publisher":{"@id":"https:\/\/eltoro.rs\/#organization"},"potentialAction":[{"@type":"SearchAction","target":{"@type":"EntryPoint","urlTemplate":"https:\/\/eltoro.rs\/?s={search_term_string}"},"query-input":{"@type":"PropertyValueSpecification","valueRequired":true,"valueName":"search_term_string"}}],"inLanguage":"it-IT"},{"@type":"Organization","@id":"https:\/\/eltoro.rs\/#organization","name":"STEAKHOUSE EL TORO since 2023","url":"https:\/\/eltoro.rs\/","logo":{"@type":"ImageObject","inLanguage":"it-IT","@id":"https:\/\/eltoro.rs\/#\/schema\/logo\/image\/","url":"https:\/\/eltoro.rs\/wp-content\/uploads\/2024\/12\/el-toro-logo.png","contentUrl":"https:\/\/eltoro.rs\/wp-content\/uploads\/2024\/12\/el-toro-logo.png","width":151,"height":84,"caption":"STEAKHOUSE EL TORO since 2023"},"image":{"@id":"https:\/\/eltoro.rs\/#\/schema\/logo\/image\/"}}]}},"_links":{"self":[{"href":"https:\/\/eltoro.rs\/it\/wp-json\/wp\/v2\/pages\/1122","targetHints":{"allow":["GET"]}}],"collection":[{"href":"https:\/\/eltoro.rs\/it\/wp-json\/wp\/v2\/pages"}],"about":[{"href":"https:\/\/eltoro.rs\/it\/wp-json\/wp\/v2\/types\/page"}],"author":[{"embeddable":true,"href":"https:\/\/eltoro.rs\/it\/wp-json\/wp\/v2\/users\/1"}],"replies":[{"embeddable":true,"href":"https:\/\/eltoro.rs\/it\/wp-json\/wp\/v2\/comments?post=1122"}],"version-history":[{"count":1,"href":"https:\/\/eltoro.rs\/it\/wp-json\/wp\/v2\/pages\/1122\/revisions"}],"predecessor-version":[{"id":1182,"href":"https:\/\/eltoro.rs\/it\/wp-json\/wp\/v2\/pages\/1122\/revisions\/1182"}],"up":[{"embeddable":true,"href":"https:\/\/eltoro.rs\/it\/wp-json\/wp\/v2\/pages\/414"}],"wp:attachment":[{"href":"https:\/\/eltoro.rs\/it\/wp-json\/wp\/v2\/media?parent=1122"}],"curies":[{"name":"wp","href":"https:\/\/api.w.org\/{rel}","templated":true}]}}