{"id":1134,"date":"2025-03-30T01:27:43","date_gmt":"2025-03-30T01:27:43","guid":{"rendered":"https:\/\/www.eltoro.rs\/menu\/hobotnica\/"},"modified":"2025-04-17T21:17:28","modified_gmt":"2025-04-17T21:17:28","slug":"polpo","status":"publish","type":"page","link":"https:\/\/eltoro.rs\/it\/menu\/polpo\/","title":{"rendered":"Polpo"},"content":{"rendered":"\n<div class=\"wp-block-group has-global-padding is-layout-constrained wp-container-core-group-is-layout-c5903013 wp-block-group-is-layout-constrained\" style=\"padding-right:0px;padding-left:0px\">\n<figure class=\"wp-block-image alignfull size-full jela__opis-slika\"><img loading=\"lazy\" decoding=\"async\" width=\"1600\" height=\"1048\" src=\"https:\/\/eltoro.rs\/wp-content\/uploads\/2025\/03\/Hobotnica.jpg\" alt=\"\" class=\"wp-image-1042\" srcset=\"https:\/\/eltoro.rs\/wp-content\/uploads\/2025\/03\/Hobotnica.jpg 1600w, https:\/\/eltoro.rs\/wp-content\/uploads\/2025\/03\/Hobotnica-300x197.jpg 300w, https:\/\/eltoro.rs\/wp-content\/uploads\/2025\/03\/Hobotnica-1024x671.jpg 1024w, https:\/\/eltoro.rs\/wp-content\/uploads\/2025\/03\/Hobotnica-768x503.jpg 768w, https:\/\/eltoro.rs\/wp-content\/uploads\/2025\/03\/Hobotnica-1536x1006.jpg 1536w\" sizes=\"auto, (max-width: 1600px) 100vw, 1600px\" \/><\/figure>\n<\/div>\n\n\n\n<div class=\"wp-block-group has-global-padding is-layout-constrained wp-container-core-group-is-layout-3c3e4b16 wp-block-group-is-layout-constrained\" style=\"margin-top:var(--wp--preset--spacing--60);margin-bottom:var(--wp--preset--spacing--60);padding-right:20px;padding-left:20px\">\n<div class=\"wp-block-group has-global-padding is-layout-constrained wp-container-core-group-is-layout-f9a37a7f wp-block-group-is-layout-constrained\" style=\"margin-top:0;margin-bottom:0\">\n<div class=\"wp-block-group has-global-padding is-layout-constrained wp-container-core-group-is-layout-c19476fc wp-block-group-is-layout-constrained\">\n<div class=\"wp-block-group has-global-padding is-layout-constrained wp-container-core-group-is-layout-54c64c22 wp-block-group-is-layout-constrained\">\n<hr class=\"wp-block-separator has-alpha-channel-opacity\"\/>\n<\/div>\n<\/div>\n\n\n\n<h2 class=\"wp-block-heading has-text-align-center has-black-color has-text-color has-link-color has-x-large-font-size wp-elements-ce15424a9bf61f82b3ffa0807dc9ed8f\">Polpo<\/h2>\n\n\n\n<p class=\"has-text-align-center has-red-color has-text-color has-link-color has-medium-font-size wp-elements-29de4963a5d0d3d4169161e297e055c5\"><em>Autentica delizia di mare dal gusto pieno<\/em><\/p>\n\n\n\n<p class=\"has-text-align-center has-grey-color has-text-color has-link-color has-medium-font-size wp-elements-3a92f093ffaa87d32f55af8c4840e3ed\">Il polpo \u00e8 una delle specialit\u00e0 pi\u00f9 apprezzate nella cucina mediterranea, e nel nostro ristorante lo prepariamo con particolare attenzione per mantenere la sua naturale succosit\u00e0, tenerezza e ricchezza di sapore.<\/p>\n\n\n\n<p class=\"has-text-align-center has-grey-color has-text-color has-link-color has-medium-font-size wp-elements-731717006cf7f1e1bfa951e5a5850e5f\">Il nostro polpo, grigliato o servito con una leggera salsa all\u2019olio d\u2019oliva, \u00e8 un\u2019autentica specialit\u00e0 di mare, ideale per tutti gli amanti dei frutti di mare.<\/p>\n\n\n\n<p><\/p>\n<\/div>\n\n\n\n<div class=\"wp-block-group is-layout-flow wp-container-core-group-is-layout-4776eb64 wp-block-group-is-layout-flow\" style=\"margin-top:80px;margin-bottom:0\">\n<div class=\"wp-block-group has-global-padding is-layout-constrained wp-container-core-group-is-layout-c19476fc wp-block-group-is-layout-constrained\">\n<div class=\"wp-block-group has-global-padding is-layout-constrained wp-container-core-group-is-layout-54c64c22 wp-block-group-is-layout-constrained\">\n<hr class=\"wp-block-separator has-alpha-channel-opacity\"\/>\n<\/div>\n<\/div>\n\n\n\n<h2 class=\"wp-block-heading has-text-align-center has-black-color has-text-color has-link-color has-x-large-font-size wp-elements-56bc2c8f9e17f4c9f4737b51180b196e\">Caratteristiche del piatto Polpo:<\/h2>\n\n\n\n<p class=\"has-text-align-center has-grey-color has-text-color has-link-color has-medium-font-size wp-elements-991682f3f965a5138dbdc1bbe2cf2414\">\u2022 Preparato con polpo fresco di altissima qualit\u00e0<br>\u2022 Combinazione di bollitura e grigliatura per la consistenza perfetta<br>\u2022 Ricco di aromi delle erbe aromatiche mediterranee<br>\u2022 Piatto leggero, salutare e nutriente<br>\u2022 Adatto agli amanti della cucina di pesce e di mare<\/p>\n\n\n\n<p><\/p>\n\n\n\n<p><\/p>\n<\/div>\n<\/div>\n","protected":false},"excerpt":{"rendered":"<p>Polpo Autentica delizia di mare dal gusto pieno Il polpo \u00e8 una delle specialit\u00e0 pi\u00f9 apprezzate nella cucina mediterranea, e nel nostro ristorante lo prepariamo con particolare attenzione per mantenere la sua naturale succosit\u00e0, tenerezza e ricchezza di sapore. Il nostro polpo, grigliato o servito con una leggera salsa all\u2019olio d\u2019oliva, \u00e8 un\u2019autentica specialit\u00e0 di [&hellip;]<\/p>\n","protected":false},"author":1,"featured_media":0,"parent":414,"menu_order":0,"comment_status":"closed","ping_status":"closed","template":"wp-custom-template-page-white","meta":{"footnotes":""},"class_list":["post-1134","page","type-page","status-publish","hentry"],"yoast_head":"<!-- This site is optimized with the Yoast SEO plugin v25.3.1 - https:\/\/yoast.com\/wordpress\/plugins\/seo\/ -->\n<title>Polpo - toro<\/title>\n<meta name=\"description\" content=\"NAJSTARIJI STAKEHOUSE EL TORO,\u00a0SINCE\u00a02003.\" \/>\n<meta name=\"robots\" content=\"index, follow, max-snippet:-1, max-image-preview:large, max-video-preview:-1\" \/>\n<link rel=\"canonical\" href=\"https:\/\/eltoro.rs\/it\/menu\/polpo\/\" \/>\n<meta property=\"og:locale\" content=\"it_IT\" \/>\n<meta property=\"og:type\" content=\"article\" \/>\n<meta property=\"og:title\" content=\"Polpo - toro\" \/>\n<meta property=\"og:description\" content=\"NAJSTARIJI STAKEHOUSE EL TORO,\u00a0SINCE\u00a02003.\" \/>\n<meta property=\"og:url\" content=\"https:\/\/eltoro.rs\/it\/menu\/polpo\/\" \/>\n<meta property=\"og:site_name\" content=\"toro\" \/>\n<meta property=\"article:modified_time\" content=\"2025-04-17T21:17:28+00:00\" \/>\n<meta property=\"og:image\" content=\"https:\/\/eltoro.rs\/wp-content\/uploads\/2025\/03\/Hobotnica.jpg\" \/>\n\t<meta property=\"og:image:width\" content=\"1600\" \/>\n\t<meta property=\"og:image:height\" content=\"1048\" \/>\n\t<meta property=\"og:image:type\" content=\"image\/jpeg\" \/>\n<meta name=\"twitter:card\" content=\"summary_large_image\" \/>\n<meta name=\"twitter:label1\" content=\"Tempo di lettura stimato\" \/>\n\t<meta name=\"twitter:data1\" content=\"1 minuto\" \/>\n<script type=\"application\/ld+json\" class=\"yoast-schema-graph\">{\"@context\":\"https:\/\/schema.org\",\"@graph\":[{\"@type\":\"WebPage\",\"@id\":\"https:\/\/eltoro.rs\/it\/menu\/polpo\/\",\"url\":\"https:\/\/eltoro.rs\/it\/menu\/polpo\/\",\"name\":\"Polpo - toro\",\"isPartOf\":{\"@id\":\"https:\/\/eltoro.rs\/#website\"},\"primaryImageOfPage\":{\"@id\":\"https:\/\/eltoro.rs\/it\/menu\/polpo\/#primaryimage\"},\"image\":{\"@id\":\"https:\/\/eltoro.rs\/it\/menu\/polpo\/#primaryimage\"},\"thumbnailUrl\":\"https:\/\/eltoro.rs\/wp-content\/uploads\/2025\/03\/Hobotnica.jpg\",\"datePublished\":\"2025-03-30T01:27:43+00:00\",\"dateModified\":\"2025-04-17T21:17:28+00:00\",\"description\":\"NAJSTARIJI STAKEHOUSE EL TORO,\u00a0SINCE\u00a02003.\",\"breadcrumb\":{\"@id\":\"https:\/\/eltoro.rs\/it\/menu\/polpo\/#breadcrumb\"},\"inLanguage\":\"it-IT\",\"potentialAction\":[{\"@type\":\"ReadAction\",\"target\":[\"https:\/\/eltoro.rs\/it\/menu\/polpo\/\"]}]},{\"@type\":\"ImageObject\",\"inLanguage\":\"it-IT\",\"@id\":\"https:\/\/eltoro.rs\/it\/menu\/polpo\/#primaryimage\",\"url\":\"https:\/\/eltoro.rs\/wp-content\/uploads\/2025\/03\/Hobotnica.jpg\",\"contentUrl\":\"https:\/\/eltoro.rs\/wp-content\/uploads\/2025\/03\/Hobotnica.jpg\"},{\"@type\":\"BreadcrumbList\",\"@id\":\"https:\/\/eltoro.rs\/it\/menu\/polpo\/#breadcrumb\",\"itemListElement\":[{\"@type\":\"ListItem\",\"position\":1,\"name\":\"Home\",\"item\":\"https:\/\/eltoro.rs\/it\/\"},{\"@type\":\"ListItem\",\"position\":2,\"name\":\"Menu\",\"item\":\"https:\/\/eltoro.rs\/it\/menu\/\"},{\"@type\":\"ListItem\",\"position\":3,\"name\":\"Polpo\"}]},{\"@type\":\"WebSite\",\"@id\":\"https:\/\/eltoro.rs\/#website\",\"url\":\"https:\/\/eltoro.rs\/\",\"name\":\"STEAKHOUSE EL TORO since 2023\",\"description\":\"STEAKHOUSE EL TORO since 2003\",\"publisher\":{\"@id\":\"https:\/\/eltoro.rs\/#organization\"},\"potentialAction\":[{\"@type\":\"SearchAction\",\"target\":{\"@type\":\"EntryPoint\",\"urlTemplate\":\"https:\/\/eltoro.rs\/?s={search_term_string}\"},\"query-input\":{\"@type\":\"PropertyValueSpecification\",\"valueRequired\":true,\"valueName\":\"search_term_string\"}}],\"inLanguage\":\"it-IT\"},{\"@type\":\"Organization\",\"@id\":\"https:\/\/eltoro.rs\/#organization\",\"name\":\"STEAKHOUSE EL TORO since 2023\",\"url\":\"https:\/\/eltoro.rs\/\",\"logo\":{\"@type\":\"ImageObject\",\"inLanguage\":\"it-IT\",\"@id\":\"https:\/\/eltoro.rs\/#\/schema\/logo\/image\/\",\"url\":\"https:\/\/eltoro.rs\/wp-content\/uploads\/2024\/12\/el-toro-logo.png\",\"contentUrl\":\"https:\/\/eltoro.rs\/wp-content\/uploads\/2024\/12\/el-toro-logo.png\",\"width\":151,\"height\":84,\"caption\":\"STEAKHOUSE EL TORO since 2023\"},\"image\":{\"@id\":\"https:\/\/eltoro.rs\/#\/schema\/logo\/image\/\"}}]}<\/script>\n<!-- \/ Yoast SEO plugin. -->","yoast_head_json":{"title":"Polpo - toro","description":"NAJSTARIJI STAKEHOUSE EL TORO,\u00a0SINCE\u00a02003.","robots":{"index":"index","follow":"follow","max-snippet":"max-snippet:-1","max-image-preview":"max-image-preview:large","max-video-preview":"max-video-preview:-1"},"canonical":"https:\/\/eltoro.rs\/it\/menu\/polpo\/","og_locale":"it_IT","og_type":"article","og_title":"Polpo - toro","og_description":"NAJSTARIJI STAKEHOUSE EL TORO,\u00a0SINCE\u00a02003.","og_url":"https:\/\/eltoro.rs\/it\/menu\/polpo\/","og_site_name":"toro","article_modified_time":"2025-04-17T21:17:28+00:00","og_image":[{"width":1600,"height":1048,"url":"https:\/\/eltoro.rs\/wp-content\/uploads\/2025\/03\/Hobotnica.jpg","type":"image\/jpeg"}],"twitter_card":"summary_large_image","twitter_misc":{"Tempo di lettura stimato":"1 minuto"},"schema":{"@context":"https:\/\/schema.org","@graph":[{"@type":"WebPage","@id":"https:\/\/eltoro.rs\/it\/menu\/polpo\/","url":"https:\/\/eltoro.rs\/it\/menu\/polpo\/","name":"Polpo - toro","isPartOf":{"@id":"https:\/\/eltoro.rs\/#website"},"primaryImageOfPage":{"@id":"https:\/\/eltoro.rs\/it\/menu\/polpo\/#primaryimage"},"image":{"@id":"https:\/\/eltoro.rs\/it\/menu\/polpo\/#primaryimage"},"thumbnailUrl":"https:\/\/eltoro.rs\/wp-content\/uploads\/2025\/03\/Hobotnica.jpg","datePublished":"2025-03-30T01:27:43+00:00","dateModified":"2025-04-17T21:17:28+00:00","description":"NAJSTARIJI STAKEHOUSE EL TORO,\u00a0SINCE\u00a02003.","breadcrumb":{"@id":"https:\/\/eltoro.rs\/it\/menu\/polpo\/#breadcrumb"},"inLanguage":"it-IT","potentialAction":[{"@type":"ReadAction","target":["https:\/\/eltoro.rs\/it\/menu\/polpo\/"]}]},{"@type":"ImageObject","inLanguage":"it-IT","@id":"https:\/\/eltoro.rs\/it\/menu\/polpo\/#primaryimage","url":"https:\/\/eltoro.rs\/wp-content\/uploads\/2025\/03\/Hobotnica.jpg","contentUrl":"https:\/\/eltoro.rs\/wp-content\/uploads\/2025\/03\/Hobotnica.jpg"},{"@type":"BreadcrumbList","@id":"https:\/\/eltoro.rs\/it\/menu\/polpo\/#breadcrumb","itemListElement":[{"@type":"ListItem","position":1,"name":"Home","item":"https:\/\/eltoro.rs\/it\/"},{"@type":"ListItem","position":2,"name":"Menu","item":"https:\/\/eltoro.rs\/it\/menu\/"},{"@type":"ListItem","position":3,"name":"Polpo"}]},{"@type":"WebSite","@id":"https:\/\/eltoro.rs\/#website","url":"https:\/\/eltoro.rs\/","name":"STEAKHOUSE EL TORO since 2023","description":"STEAKHOUSE EL TORO since 2003","publisher":{"@id":"https:\/\/eltoro.rs\/#organization"},"potentialAction":[{"@type":"SearchAction","target":{"@type":"EntryPoint","urlTemplate":"https:\/\/eltoro.rs\/?s={search_term_string}"},"query-input":{"@type":"PropertyValueSpecification","valueRequired":true,"valueName":"search_term_string"}}],"inLanguage":"it-IT"},{"@type":"Organization","@id":"https:\/\/eltoro.rs\/#organization","name":"STEAKHOUSE EL TORO since 2023","url":"https:\/\/eltoro.rs\/","logo":{"@type":"ImageObject","inLanguage":"it-IT","@id":"https:\/\/eltoro.rs\/#\/schema\/logo\/image\/","url":"https:\/\/eltoro.rs\/wp-content\/uploads\/2024\/12\/el-toro-logo.png","contentUrl":"https:\/\/eltoro.rs\/wp-content\/uploads\/2024\/12\/el-toro-logo.png","width":151,"height":84,"caption":"STEAKHOUSE EL TORO since 2023"},"image":{"@id":"https:\/\/eltoro.rs\/#\/schema\/logo\/image\/"}}]}},"_links":{"self":[{"href":"https:\/\/eltoro.rs\/it\/wp-json\/wp\/v2\/pages\/1134","targetHints":{"allow":["GET"]}}],"collection":[{"href":"https:\/\/eltoro.rs\/it\/wp-json\/wp\/v2\/pages"}],"about":[{"href":"https:\/\/eltoro.rs\/it\/wp-json\/wp\/v2\/types\/page"}],"author":[{"embeddable":true,"href":"https:\/\/eltoro.rs\/it\/wp-json\/wp\/v2\/users\/1"}],"replies":[{"embeddable":true,"href":"https:\/\/eltoro.rs\/it\/wp-json\/wp\/v2\/comments?post=1134"}],"version-history":[{"count":1,"href":"https:\/\/eltoro.rs\/it\/wp-json\/wp\/v2\/pages\/1134\/revisions"}],"predecessor-version":[{"id":1188,"href":"https:\/\/eltoro.rs\/it\/wp-json\/wp\/v2\/pages\/1134\/revisions\/1188"}],"up":[{"embeddable":true,"href":"https:\/\/eltoro.rs\/it\/wp-json\/wp\/v2\/pages\/414"}],"wp:attachment":[{"href":"https:\/\/eltoro.rs\/it\/wp-json\/wp\/v2\/media?parent=1134"}],"curies":[{"name":"wp","href":"https:\/\/api.w.org\/{rel}","templated":true}]}}