{"id":1141,"date":"2025-03-30T01:32:10","date_gmt":"2025-03-30T01:32:10","guid":{"rendered":"https:\/\/www.eltoro.rs\/menu\/losos\/"},"modified":"2025-04-17T21:19:30","modified_gmt":"2025-04-17T21:19:30","slug":"salmone","status":"publish","type":"page","link":"https:\/\/eltoro.rs\/it\/menu\/salmone\/","title":{"rendered":"Salmone"},"content":{"rendered":"\n<div class=\"wp-block-group has-global-padding is-layout-constrained wp-container-core-group-is-layout-c5903013 wp-block-group-is-layout-constrained\" style=\"padding-right:0px;padding-left:0px\">\n<figure class=\"wp-block-image alignfull size-full jela__opis-slika\"><img loading=\"lazy\" decoding=\"async\" width=\"1600\" height=\"1039\" src=\"https:\/\/eltoro.rs\/wp-content\/uploads\/2025\/03\/Losos.jpg\" alt=\"\" class=\"wp-image-1048\" srcset=\"https:\/\/eltoro.rs\/wp-content\/uploads\/2025\/03\/Losos.jpg 1600w, https:\/\/eltoro.rs\/wp-content\/uploads\/2025\/03\/Losos-300x195.jpg 300w, https:\/\/eltoro.rs\/wp-content\/uploads\/2025\/03\/Losos-1024x665.jpg 1024w, https:\/\/eltoro.rs\/wp-content\/uploads\/2025\/03\/Losos-768x499.jpg 768w, https:\/\/eltoro.rs\/wp-content\/uploads\/2025\/03\/Losos-1536x997.jpg 1536w\" sizes=\"auto, (max-width: 1600px) 100vw, 1600px\" \/><\/figure>\n<\/div>\n\n\n\n<div class=\"wp-block-group has-global-padding is-layout-constrained wp-container-core-group-is-layout-3c3e4b16 wp-block-group-is-layout-constrained\" style=\"margin-top:var(--wp--preset--spacing--60);margin-bottom:var(--wp--preset--spacing--60);padding-right:20px;padding-left:20px\">\n<div class=\"wp-block-group has-global-padding is-layout-constrained wp-container-core-group-is-layout-f9a37a7f wp-block-group-is-layout-constrained\" style=\"margin-top:0;margin-bottom:0\">\n<div class=\"wp-block-group has-global-padding is-layout-constrained wp-container-core-group-is-layout-c19476fc wp-block-group-is-layout-constrained\">\n<div class=\"wp-block-group has-global-padding is-layout-constrained wp-container-core-group-is-layout-54c64c22 wp-block-group-is-layout-constrained\">\n<hr class=\"wp-block-separator has-alpha-channel-opacity\"\/>\n<\/div>\n<\/div>\n\n\n\n<h2 class=\"wp-block-heading has-text-align-center has-black-color has-text-color has-link-color has-x-large-font-size wp-elements-96e38c9c1a24ce11511b2036704ea7a0\">SALMONE<\/h2>\n\n\n\n<p class=\"has-text-align-center has-red-color has-text-color has-link-color has-medium-font-size wp-elements-2d57f389e9a2d7f3167891daf0dccc84\"><em>Specialit\u00e0 di mare succosa ricca di omega-3<\/em><\/p>\n\n\n\n<p class=\"has-text-align-center has-grey-color has-text-color has-link-color has-medium-font-size wp-elements-23fe865ceefe2ebe04f02aee35665bde\">Il salmone \u00e8 uno dei piatti pi\u00f9 richiesti nella cucina salutare e fine dining, noto per la sua carne succosa, il gusto ricco e l\u2019alto valore nutritivo. Il nostro filetto di salmone proviene da fonti selezionate e viene preparato per preservare tutti i suoi succhi naturali, la consistenza e la pienezza di sapore.<\/p>\n\n\n\n<p class=\"has-text-align-center has-grey-color has-text-color has-link-color has-medium-font-size wp-elements-347ee10968296a4d41ec7b80bea90e91\">Durante la preparazione, utilizziamo cotture leggere o alla griglia, con un\u2019elaborazione minima per conservare gli acidi grassi omega-3, fondamentali per la salute di cuore, cervello e pelle. Lo condiamo con olio extravergine d\u2019oliva, erbe aromatiche fresche, limone e un pizzico di sale marino per esaltarne l\u2019aroma naturale.<\/p>\n\n\n\n<p class=\"has-text-align-center has-grey-color has-text-color has-link-color has-medium-font-size wp-elements-1b536739357905bd0671969dd977128d\">Il salmone viene servito con contorni leggeri e nutrienti \u2013 rendendolo la scelta ideale per chi desidera un pasto gustoso e salutare.<\/p>\n\n\n\n<p><\/p>\n<\/div>\n\n\n\n<div class=\"wp-block-group is-layout-flow wp-container-core-group-is-layout-4776eb64 wp-block-group-is-layout-flow\" style=\"margin-top:80px;margin-bottom:0\">\n<div class=\"wp-block-group has-global-padding is-layout-constrained wp-container-core-group-is-layout-c19476fc wp-block-group-is-layout-constrained\">\n<div class=\"wp-block-group has-global-padding is-layout-constrained wp-container-core-group-is-layout-54c64c22 wp-block-group-is-layout-constrained\">\n<hr class=\"wp-block-separator has-alpha-channel-opacity\"\/>\n<\/div>\n<\/div>\n\n\n\n<h2 class=\"wp-block-heading has-text-align-center has-black-color has-text-color has-link-color has-x-large-font-size wp-elements-7d57e9884a4163aa51355bb6d27b1613\">Caratteristiche del piatto Salmone:<\/h2>\n\n\n\n<p class=\"has-text-align-center has-grey-color has-text-color has-link-color has-medium-font-size wp-elements-08b95a8a2092539b785ba4d2b769179e\">\u2022 Filetto di salmone succoso e perfettamente cotto<br>\u2022 Ricca fonte di acidi grassi omega-3<br>\u2022 Preparato con erbe fresche mediterranee<br>\u2022 Perfetto per chi ama una dieta sana, leggera ed equilibrata<br>\u2022 Ideale per pranzo, cena o pasti di lavoro<\/p>\n\n\n\n<p><\/p>\n\n\n\n<p><\/p>\n<\/div>\n<\/div>\n","protected":false},"excerpt":{"rendered":"<p>SALMONE Specialit\u00e0 di mare succosa ricca di omega-3 Il salmone \u00e8 uno dei piatti pi\u00f9 richiesti nella cucina salutare e fine dining, noto per la sua carne succosa, il gusto ricco e l\u2019alto valore nutritivo. Il nostro filetto di salmone proviene da fonti selezionate e viene preparato per preservare tutti i suoi succhi naturali, la [&hellip;]<\/p>\n","protected":false},"author":1,"featured_media":0,"parent":414,"menu_order":0,"comment_status":"closed","ping_status":"closed","template":"wp-custom-template-page-white","meta":{"footnotes":""},"class_list":["post-1141","page","type-page","status-publish","hentry"],"yoast_head":"<!-- This site is optimized with the Yoast SEO plugin v25.3.1 - https:\/\/yoast.com\/wordpress\/plugins\/seo\/ -->\n<title>Salmone - toro<\/title>\n<meta name=\"description\" content=\"NAJSTARIJI STAKEHOUSE EL TORO,\u00a0SINCE\u00a02003.\" \/>\n<meta name=\"robots\" content=\"index, follow, max-snippet:-1, max-image-preview:large, max-video-preview:-1\" \/>\n<link rel=\"canonical\" href=\"https:\/\/eltoro.rs\/it\/menu\/salmone\/\" \/>\n<meta property=\"og:locale\" content=\"it_IT\" \/>\n<meta property=\"og:type\" content=\"article\" \/>\n<meta property=\"og:title\" content=\"Salmone - toro\" \/>\n<meta property=\"og:description\" content=\"NAJSTARIJI STAKEHOUSE EL TORO,\u00a0SINCE\u00a02003.\" \/>\n<meta property=\"og:url\" content=\"https:\/\/eltoro.rs\/it\/menu\/salmone\/\" \/>\n<meta property=\"og:site_name\" content=\"toro\" \/>\n<meta property=\"article:modified_time\" content=\"2025-04-17T21:19:30+00:00\" \/>\n<meta property=\"og:image\" content=\"https:\/\/eltoro.rs\/wp-content\/uploads\/2025\/03\/Losos.jpg\" \/>\n\t<meta property=\"og:image:width\" content=\"1600\" \/>\n\t<meta property=\"og:image:height\" content=\"1039\" \/>\n\t<meta property=\"og:image:type\" content=\"image\/jpeg\" \/>\n<meta name=\"twitter:card\" content=\"summary_large_image\" \/>\n<meta name=\"twitter:label1\" content=\"Tempo di lettura stimato\" \/>\n\t<meta name=\"twitter:data1\" content=\"1 minuto\" \/>\n<script type=\"application\/ld+json\" class=\"yoast-schema-graph\">{\"@context\":\"https:\/\/schema.org\",\"@graph\":[{\"@type\":\"WebPage\",\"@id\":\"https:\/\/eltoro.rs\/it\/menu\/salmone\/\",\"url\":\"https:\/\/eltoro.rs\/it\/menu\/salmone\/\",\"name\":\"Salmone - toro\",\"isPartOf\":{\"@id\":\"https:\/\/eltoro.rs\/#website\"},\"primaryImageOfPage\":{\"@id\":\"https:\/\/eltoro.rs\/it\/menu\/salmone\/#primaryimage\"},\"image\":{\"@id\":\"https:\/\/eltoro.rs\/it\/menu\/salmone\/#primaryimage\"},\"thumbnailUrl\":\"https:\/\/eltoro.rs\/wp-content\/uploads\/2025\/03\/Losos.jpg\",\"datePublished\":\"2025-03-30T01:32:10+00:00\",\"dateModified\":\"2025-04-17T21:19:30+00:00\",\"description\":\"NAJSTARIJI STAKEHOUSE EL TORO,\u00a0SINCE\u00a02003.\",\"breadcrumb\":{\"@id\":\"https:\/\/eltoro.rs\/it\/menu\/salmone\/#breadcrumb\"},\"inLanguage\":\"it-IT\",\"potentialAction\":[{\"@type\":\"ReadAction\",\"target\":[\"https:\/\/eltoro.rs\/it\/menu\/salmone\/\"]}]},{\"@type\":\"ImageObject\",\"inLanguage\":\"it-IT\",\"@id\":\"https:\/\/eltoro.rs\/it\/menu\/salmone\/#primaryimage\",\"url\":\"https:\/\/eltoro.rs\/wp-content\/uploads\/2025\/03\/Losos.jpg\",\"contentUrl\":\"https:\/\/eltoro.rs\/wp-content\/uploads\/2025\/03\/Losos.jpg\"},{\"@type\":\"BreadcrumbList\",\"@id\":\"https:\/\/eltoro.rs\/it\/menu\/salmone\/#breadcrumb\",\"itemListElement\":[{\"@type\":\"ListItem\",\"position\":1,\"name\":\"Home\",\"item\":\"https:\/\/eltoro.rs\/it\/\"},{\"@type\":\"ListItem\",\"position\":2,\"name\":\"Menu\",\"item\":\"https:\/\/eltoro.rs\/it\/menu\/\"},{\"@type\":\"ListItem\",\"position\":3,\"name\":\"Salmone\"}]},{\"@type\":\"WebSite\",\"@id\":\"https:\/\/eltoro.rs\/#website\",\"url\":\"https:\/\/eltoro.rs\/\",\"name\":\"STEAKHOUSE EL TORO since 2023\",\"description\":\"STEAKHOUSE EL TORO since 2003\",\"publisher\":{\"@id\":\"https:\/\/eltoro.rs\/#organization\"},\"potentialAction\":[{\"@type\":\"SearchAction\",\"target\":{\"@type\":\"EntryPoint\",\"urlTemplate\":\"https:\/\/eltoro.rs\/?s={search_term_string}\"},\"query-input\":{\"@type\":\"PropertyValueSpecification\",\"valueRequired\":true,\"valueName\":\"search_term_string\"}}],\"inLanguage\":\"it-IT\"},{\"@type\":\"Organization\",\"@id\":\"https:\/\/eltoro.rs\/#organization\",\"name\":\"STEAKHOUSE EL TORO since 2023\",\"url\":\"https:\/\/eltoro.rs\/\",\"logo\":{\"@type\":\"ImageObject\",\"inLanguage\":\"it-IT\",\"@id\":\"https:\/\/eltoro.rs\/#\/schema\/logo\/image\/\",\"url\":\"https:\/\/eltoro.rs\/wp-content\/uploads\/2024\/12\/el-toro-logo.png\",\"contentUrl\":\"https:\/\/eltoro.rs\/wp-content\/uploads\/2024\/12\/el-toro-logo.png\",\"width\":151,\"height\":84,\"caption\":\"STEAKHOUSE EL TORO since 2023\"},\"image\":{\"@id\":\"https:\/\/eltoro.rs\/#\/schema\/logo\/image\/\"}}]}<\/script>\n<!-- \/ Yoast SEO plugin. -->","yoast_head_json":{"title":"Salmone - toro","description":"NAJSTARIJI STAKEHOUSE EL TORO,\u00a0SINCE\u00a02003.","robots":{"index":"index","follow":"follow","max-snippet":"max-snippet:-1","max-image-preview":"max-image-preview:large","max-video-preview":"max-video-preview:-1"},"canonical":"https:\/\/eltoro.rs\/it\/menu\/salmone\/","og_locale":"it_IT","og_type":"article","og_title":"Salmone - toro","og_description":"NAJSTARIJI STAKEHOUSE EL TORO,\u00a0SINCE\u00a02003.","og_url":"https:\/\/eltoro.rs\/it\/menu\/salmone\/","og_site_name":"toro","article_modified_time":"2025-04-17T21:19:30+00:00","og_image":[{"width":1600,"height":1039,"url":"https:\/\/eltoro.rs\/wp-content\/uploads\/2025\/03\/Losos.jpg","type":"image\/jpeg"}],"twitter_card":"summary_large_image","twitter_misc":{"Tempo di lettura stimato":"1 minuto"},"schema":{"@context":"https:\/\/schema.org","@graph":[{"@type":"WebPage","@id":"https:\/\/eltoro.rs\/it\/menu\/salmone\/","url":"https:\/\/eltoro.rs\/it\/menu\/salmone\/","name":"Salmone - toro","isPartOf":{"@id":"https:\/\/eltoro.rs\/#website"},"primaryImageOfPage":{"@id":"https:\/\/eltoro.rs\/it\/menu\/salmone\/#primaryimage"},"image":{"@id":"https:\/\/eltoro.rs\/it\/menu\/salmone\/#primaryimage"},"thumbnailUrl":"https:\/\/eltoro.rs\/wp-content\/uploads\/2025\/03\/Losos.jpg","datePublished":"2025-03-30T01:32:10+00:00","dateModified":"2025-04-17T21:19:30+00:00","description":"NAJSTARIJI STAKEHOUSE EL TORO,\u00a0SINCE\u00a02003.","breadcrumb":{"@id":"https:\/\/eltoro.rs\/it\/menu\/salmone\/#breadcrumb"},"inLanguage":"it-IT","potentialAction":[{"@type":"ReadAction","target":["https:\/\/eltoro.rs\/it\/menu\/salmone\/"]}]},{"@type":"ImageObject","inLanguage":"it-IT","@id":"https:\/\/eltoro.rs\/it\/menu\/salmone\/#primaryimage","url":"https:\/\/eltoro.rs\/wp-content\/uploads\/2025\/03\/Losos.jpg","contentUrl":"https:\/\/eltoro.rs\/wp-content\/uploads\/2025\/03\/Losos.jpg"},{"@type":"BreadcrumbList","@id":"https:\/\/eltoro.rs\/it\/menu\/salmone\/#breadcrumb","itemListElement":[{"@type":"ListItem","position":1,"name":"Home","item":"https:\/\/eltoro.rs\/it\/"},{"@type":"ListItem","position":2,"name":"Menu","item":"https:\/\/eltoro.rs\/it\/menu\/"},{"@type":"ListItem","position":3,"name":"Salmone"}]},{"@type":"WebSite","@id":"https:\/\/eltoro.rs\/#website","url":"https:\/\/eltoro.rs\/","name":"STEAKHOUSE EL TORO since 2023","description":"STEAKHOUSE EL TORO since 2003","publisher":{"@id":"https:\/\/eltoro.rs\/#organization"},"potentialAction":[{"@type":"SearchAction","target":{"@type":"EntryPoint","urlTemplate":"https:\/\/eltoro.rs\/?s={search_term_string}"},"query-input":{"@type":"PropertyValueSpecification","valueRequired":true,"valueName":"search_term_string"}}],"inLanguage":"it-IT"},{"@type":"Organization","@id":"https:\/\/eltoro.rs\/#organization","name":"STEAKHOUSE EL TORO since 2023","url":"https:\/\/eltoro.rs\/","logo":{"@type":"ImageObject","inLanguage":"it-IT","@id":"https:\/\/eltoro.rs\/#\/schema\/logo\/image\/","url":"https:\/\/eltoro.rs\/wp-content\/uploads\/2024\/12\/el-toro-logo.png","contentUrl":"https:\/\/eltoro.rs\/wp-content\/uploads\/2024\/12\/el-toro-logo.png","width":151,"height":84,"caption":"STEAKHOUSE EL TORO since 2023"},"image":{"@id":"https:\/\/eltoro.rs\/#\/schema\/logo\/image\/"}}]}},"_links":{"self":[{"href":"https:\/\/eltoro.rs\/it\/wp-json\/wp\/v2\/pages\/1141","targetHints":{"allow":["GET"]}}],"collection":[{"href":"https:\/\/eltoro.rs\/it\/wp-json\/wp\/v2\/pages"}],"about":[{"href":"https:\/\/eltoro.rs\/it\/wp-json\/wp\/v2\/types\/page"}],"author":[{"embeddable":true,"href":"https:\/\/eltoro.rs\/it\/wp-json\/wp\/v2\/users\/1"}],"replies":[{"embeddable":true,"href":"https:\/\/eltoro.rs\/it\/wp-json\/wp\/v2\/comments?post=1141"}],"version-history":[{"count":3,"href":"https:\/\/eltoro.rs\/it\/wp-json\/wp\/v2\/pages\/1141\/revisions"}],"predecessor-version":[{"id":1192,"href":"https:\/\/eltoro.rs\/it\/wp-json\/wp\/v2\/pages\/1141\/revisions\/1192"}],"up":[{"embeddable":true,"href":"https:\/\/eltoro.rs\/it\/wp-json\/wp\/v2\/pages\/414"}],"wp:attachment":[{"href":"https:\/\/eltoro.rs\/it\/wp-json\/wp\/v2\/media?parent=1141"}],"curies":[{"name":"wp","href":"https:\/\/api.w.org\/{rel}","templated":true}]}}