{"id":1155,"date":"2025-03-30T01:34:04","date_gmt":"2025-03-30T01:34:04","guid":{"rendered":"https:\/\/www.eltoro.rs\/menu\/biftek-el-toro\/"},"modified":"2025-04-29T10:28:34","modified_gmt":"2025-04-29T10:28:34","slug":"biftek-el-toro","status":"publish","type":"page","link":"https:\/\/eltoro.rs\/it\/menu\/biftek-el-toro\/","title":{"rendered":"Bistecca El Toro"},"content":{"rendered":"\n<div class=\"wp-block-group has-global-padding is-layout-constrained wp-container-core-group-is-layout-c5903013 wp-block-group-is-layout-constrained\" style=\"padding-right:0px;padding-left:0px\">\n<figure class=\"wp-block-image alignfull size-full jela__opis-slika\"><img loading=\"lazy\" decoding=\"async\" width=\"1600\" height=\"1056\" src=\"https:\/\/eltoro.rs\/wp-content\/uploads\/2025\/03\/Biftek-El-Toro.jpg\" alt=\"\" class=\"wp-image-1054\" srcset=\"https:\/\/eltoro.rs\/wp-content\/uploads\/2025\/03\/Biftek-El-Toro.jpg 1600w, https:\/\/eltoro.rs\/wp-content\/uploads\/2025\/03\/Biftek-El-Toro-300x198.jpg 300w, https:\/\/eltoro.rs\/wp-content\/uploads\/2025\/03\/Biftek-El-Toro-1024x676.jpg 1024w, https:\/\/eltoro.rs\/wp-content\/uploads\/2025\/03\/Biftek-El-Toro-768x507.jpg 768w, https:\/\/eltoro.rs\/wp-content\/uploads\/2025\/03\/Biftek-El-Toro-1536x1014.jpg 1536w\" sizes=\"auto, (max-width: 1600px) 100vw, 1600px\" \/><\/figure>\n<\/div>\n\n\n\n<div class=\"wp-block-group has-global-padding is-layout-constrained wp-container-core-group-is-layout-3c3e4b16 wp-block-group-is-layout-constrained\" style=\"margin-top:var(--wp--preset--spacing--60);margin-bottom:var(--wp--preset--spacing--60);padding-right:20px;padding-left:20px\">\n<div class=\"wp-block-group has-global-padding is-layout-constrained wp-container-core-group-is-layout-f9a37a7f wp-block-group-is-layout-constrained\" style=\"margin-top:0;margin-bottom:0\">\n<div class=\"wp-block-group has-global-padding is-layout-constrained wp-container-core-group-is-layout-c19476fc wp-block-group-is-layout-constrained\">\n<div class=\"wp-block-group has-global-padding is-layout-constrained wp-container-core-group-is-layout-54c64c22 wp-block-group-is-layout-constrained\">\n<hr class=\"wp-block-separator has-alpha-channel-opacity\"\/>\n<\/div>\n<\/div>\n\n\n\n<h2 class=\"wp-block-heading has-text-align-center has-black-color has-text-color has-link-color has-x-large-font-size wp-elements-78afdaaacccd0a3c60dcb0c5e8d4be05\">Bistecca El Toro<\/h2>\n\n\n\n<p class=\"has-text-align-center has-red-color has-text-color has-link-color has-medium-font-size wp-elements-2f3b56b6d560432c5a8c7ff40c3095be\"><em>Bistecca ripiena di prosciutto e pancetta con salsa al gorgonzola<\/em><\/p>\n\n\n\n<p class=\"has-text-align-center has-grey-color has-text-color has-link-color has-medium-font-size wp-elements-db6f598ba17d7654c72924f8376c02f1\">Il Bistecca El Toro \u00e8 una scelta eccellente per i veri amanti della carne, ideale per chi cerca un&#8217;esperienza gastronomica ricca e indimenticabile.<\/p>\n\n\n\n<p class=\"has-text-align-center has-grey-color has-text-color has-link-color has-medium-font-size wp-elements-11d6fec67520512cdee1d5106e061250\">La nostra bistecca \u00e8 preparata con filetto di manzo della migliore qualit\u00e0, farcita con prosciutto che le conferisce ulteriore succosit\u00e0 e profondit\u00e0 di sapore. Dopo la farcitura, il filetto viene avvolto in uno strato sottile di pancetta croccante, che durante la cottura si caramellizza leggermente, creando un perfetto equilibrio tra consistenza e gusto.<\/p>\n\n\n\n<p class=\"has-text-align-center has-grey-color has-text-color has-link-color has-medium-font-size wp-elements-0631fbbf80141c2664e09a3fc62bb9e4\">Il tocco finale \u00e8 la ricca salsa al gorgonzola, cremosa e dal profumo e sapore piccante caratteristici, che completa perfettamente ogni boccone della bistecca.<\/p>\n\n\n\n<p class=\"has-text-align-center has-grey-color has-text-color has-link-color has-medium-font-size wp-elements-2dce5757e48d61f68dd8f6b73aef6723\">Viene servita con contorni selezionati con cura che ne esaltano la complessit\u00e0. Se siete alla ricerca della migliore bistecca a Belgrado o desiderate provare un filetto di manzo di alta qualit\u00e0, il Bistecca El Toro \u00e8 la scelta giusta per voi.<\/p>\n\n\n\n<p><\/p>\n<\/div>\n<\/div>\n","protected":false},"excerpt":{"rendered":"<p>Bistecca El Toro Bistecca ripiena di prosciutto e pancetta con salsa al gorgonzola Il Bistecca El Toro \u00e8 una scelta eccellente per i veri amanti della carne, ideale per chi cerca un&#8217;esperienza gastronomica ricca e indimenticabile. La nostra bistecca \u00e8 preparata con filetto di manzo della migliore qualit\u00e0, farcita con prosciutto che le conferisce ulteriore [&hellip;]<\/p>\n","protected":false},"author":1,"featured_media":0,"parent":414,"menu_order":0,"comment_status":"closed","ping_status":"closed","template":"wp-custom-template-page-white","meta":{"footnotes":""},"class_list":["post-1155","page","type-page","status-publish","hentry"],"yoast_head":"<!-- This site is optimized with the Yoast SEO plugin v25.3.1 - https:\/\/yoast.com\/wordpress\/plugins\/seo\/ -->\n<title>Bistecca El Toro - toro<\/title>\n<meta name=\"description\" content=\"NAJSTARIJI STAKEHOUSE EL TORO,\u00a0SINCE\u00a02003.\" \/>\n<meta name=\"robots\" content=\"index, follow, max-snippet:-1, max-image-preview:large, max-video-preview:-1\" \/>\n<link rel=\"canonical\" href=\"https:\/\/eltoro.rs\/it\/menu\/biftek-el-toro\/\" \/>\n<meta property=\"og:locale\" content=\"it_IT\" \/>\n<meta property=\"og:type\" content=\"article\" \/>\n<meta property=\"og:title\" content=\"Bistecca El Toro - toro\" \/>\n<meta property=\"og:description\" content=\"NAJSTARIJI STAKEHOUSE EL TORO,\u00a0SINCE\u00a02003.\" \/>\n<meta property=\"og:url\" content=\"https:\/\/eltoro.rs\/it\/menu\/biftek-el-toro\/\" \/>\n<meta property=\"og:site_name\" content=\"toro\" \/>\n<meta property=\"article:modified_time\" content=\"2025-04-29T10:28:34+00:00\" \/>\n<meta property=\"og:image\" content=\"https:\/\/eltoro.rs\/wp-content\/uploads\/2025\/03\/Biftek-El-Toro.jpg\" \/>\n\t<meta property=\"og:image:width\" content=\"1600\" \/>\n\t<meta property=\"og:image:height\" content=\"1056\" \/>\n\t<meta property=\"og:image:type\" content=\"image\/jpeg\" \/>\n<meta name=\"twitter:card\" content=\"summary_large_image\" \/>\n<meta name=\"twitter:label1\" content=\"Tempo di lettura stimato\" \/>\n\t<meta name=\"twitter:data1\" content=\"1 minuto\" \/>\n<script type=\"application\/ld+json\" class=\"yoast-schema-graph\">{\"@context\":\"https:\/\/schema.org\",\"@graph\":[{\"@type\":\"WebPage\",\"@id\":\"https:\/\/eltoro.rs\/it\/menu\/biftek-el-toro\/\",\"url\":\"https:\/\/eltoro.rs\/it\/menu\/biftek-el-toro\/\",\"name\":\"Bistecca El Toro - toro\",\"isPartOf\":{\"@id\":\"https:\/\/eltoro.rs\/#website\"},\"primaryImageOfPage\":{\"@id\":\"https:\/\/eltoro.rs\/it\/menu\/biftek-el-toro\/#primaryimage\"},\"image\":{\"@id\":\"https:\/\/eltoro.rs\/it\/menu\/biftek-el-toro\/#primaryimage\"},\"thumbnailUrl\":\"https:\/\/eltoro.rs\/wp-content\/uploads\/2025\/03\/Biftek-El-Toro.jpg\",\"datePublished\":\"2025-03-30T01:34:04+00:00\",\"dateModified\":\"2025-04-29T10:28:34+00:00\",\"description\":\"NAJSTARIJI STAKEHOUSE EL TORO,\u00a0SINCE\u00a02003.\",\"breadcrumb\":{\"@id\":\"https:\/\/eltoro.rs\/it\/menu\/biftek-el-toro\/#breadcrumb\"},\"inLanguage\":\"it-IT\",\"potentialAction\":[{\"@type\":\"ReadAction\",\"target\":[\"https:\/\/eltoro.rs\/it\/menu\/biftek-el-toro\/\"]}]},{\"@type\":\"ImageObject\",\"inLanguage\":\"it-IT\",\"@id\":\"https:\/\/eltoro.rs\/it\/menu\/biftek-el-toro\/#primaryimage\",\"url\":\"https:\/\/eltoro.rs\/wp-content\/uploads\/2025\/03\/Biftek-El-Toro.jpg\",\"contentUrl\":\"https:\/\/eltoro.rs\/wp-content\/uploads\/2025\/03\/Biftek-El-Toro.jpg\"},{\"@type\":\"BreadcrumbList\",\"@id\":\"https:\/\/eltoro.rs\/it\/menu\/biftek-el-toro\/#breadcrumb\",\"itemListElement\":[{\"@type\":\"ListItem\",\"position\":1,\"name\":\"Home\",\"item\":\"https:\/\/eltoro.rs\/it\/\"},{\"@type\":\"ListItem\",\"position\":2,\"name\":\"Menu\",\"item\":\"https:\/\/eltoro.rs\/it\/menu\/\"},{\"@type\":\"ListItem\",\"position\":3,\"name\":\"Bistecca El Toro\"}]},{\"@type\":\"WebSite\",\"@id\":\"https:\/\/eltoro.rs\/#website\",\"url\":\"https:\/\/eltoro.rs\/\",\"name\":\"STEAKHOUSE EL TORO since 2023\",\"description\":\"STEAKHOUSE EL TORO since 2003\",\"publisher\":{\"@id\":\"https:\/\/eltoro.rs\/#organization\"},\"potentialAction\":[{\"@type\":\"SearchAction\",\"target\":{\"@type\":\"EntryPoint\",\"urlTemplate\":\"https:\/\/eltoro.rs\/?s={search_term_string}\"},\"query-input\":{\"@type\":\"PropertyValueSpecification\",\"valueRequired\":true,\"valueName\":\"search_term_string\"}}],\"inLanguage\":\"it-IT\"},{\"@type\":\"Organization\",\"@id\":\"https:\/\/eltoro.rs\/#organization\",\"name\":\"STEAKHOUSE EL TORO since 2023\",\"url\":\"https:\/\/eltoro.rs\/\",\"logo\":{\"@type\":\"ImageObject\",\"inLanguage\":\"it-IT\",\"@id\":\"https:\/\/eltoro.rs\/#\/schema\/logo\/image\/\",\"url\":\"https:\/\/eltoro.rs\/wp-content\/uploads\/2024\/12\/el-toro-logo.png\",\"contentUrl\":\"https:\/\/eltoro.rs\/wp-content\/uploads\/2024\/12\/el-toro-logo.png\",\"width\":151,\"height\":84,\"caption\":\"STEAKHOUSE EL TORO since 2023\"},\"image\":{\"@id\":\"https:\/\/eltoro.rs\/#\/schema\/logo\/image\/\"}}]}<\/script>\n<!-- \/ Yoast SEO plugin. -->","yoast_head_json":{"title":"Bistecca El Toro - toro","description":"NAJSTARIJI STAKEHOUSE EL TORO,\u00a0SINCE\u00a02003.","robots":{"index":"index","follow":"follow","max-snippet":"max-snippet:-1","max-image-preview":"max-image-preview:large","max-video-preview":"max-video-preview:-1"},"canonical":"https:\/\/eltoro.rs\/it\/menu\/biftek-el-toro\/","og_locale":"it_IT","og_type":"article","og_title":"Bistecca El Toro - toro","og_description":"NAJSTARIJI STAKEHOUSE EL TORO,\u00a0SINCE\u00a02003.","og_url":"https:\/\/eltoro.rs\/it\/menu\/biftek-el-toro\/","og_site_name":"toro","article_modified_time":"2025-04-29T10:28:34+00:00","og_image":[{"width":1600,"height":1056,"url":"https:\/\/eltoro.rs\/wp-content\/uploads\/2025\/03\/Biftek-El-Toro.jpg","type":"image\/jpeg"}],"twitter_card":"summary_large_image","twitter_misc":{"Tempo di lettura stimato":"1 minuto"},"schema":{"@context":"https:\/\/schema.org","@graph":[{"@type":"WebPage","@id":"https:\/\/eltoro.rs\/it\/menu\/biftek-el-toro\/","url":"https:\/\/eltoro.rs\/it\/menu\/biftek-el-toro\/","name":"Bistecca El Toro - toro","isPartOf":{"@id":"https:\/\/eltoro.rs\/#website"},"primaryImageOfPage":{"@id":"https:\/\/eltoro.rs\/it\/menu\/biftek-el-toro\/#primaryimage"},"image":{"@id":"https:\/\/eltoro.rs\/it\/menu\/biftek-el-toro\/#primaryimage"},"thumbnailUrl":"https:\/\/eltoro.rs\/wp-content\/uploads\/2025\/03\/Biftek-El-Toro.jpg","datePublished":"2025-03-30T01:34:04+00:00","dateModified":"2025-04-29T10:28:34+00:00","description":"NAJSTARIJI STAKEHOUSE EL TORO,\u00a0SINCE\u00a02003.","breadcrumb":{"@id":"https:\/\/eltoro.rs\/it\/menu\/biftek-el-toro\/#breadcrumb"},"inLanguage":"it-IT","potentialAction":[{"@type":"ReadAction","target":["https:\/\/eltoro.rs\/it\/menu\/biftek-el-toro\/"]}]},{"@type":"ImageObject","inLanguage":"it-IT","@id":"https:\/\/eltoro.rs\/it\/menu\/biftek-el-toro\/#primaryimage","url":"https:\/\/eltoro.rs\/wp-content\/uploads\/2025\/03\/Biftek-El-Toro.jpg","contentUrl":"https:\/\/eltoro.rs\/wp-content\/uploads\/2025\/03\/Biftek-El-Toro.jpg"},{"@type":"BreadcrumbList","@id":"https:\/\/eltoro.rs\/it\/menu\/biftek-el-toro\/#breadcrumb","itemListElement":[{"@type":"ListItem","position":1,"name":"Home","item":"https:\/\/eltoro.rs\/it\/"},{"@type":"ListItem","position":2,"name":"Menu","item":"https:\/\/eltoro.rs\/it\/menu\/"},{"@type":"ListItem","position":3,"name":"Bistecca El Toro"}]},{"@type":"WebSite","@id":"https:\/\/eltoro.rs\/#website","url":"https:\/\/eltoro.rs\/","name":"STEAKHOUSE EL TORO since 2023","description":"STEAKHOUSE EL TORO since 2003","publisher":{"@id":"https:\/\/eltoro.rs\/#organization"},"potentialAction":[{"@type":"SearchAction","target":{"@type":"EntryPoint","urlTemplate":"https:\/\/eltoro.rs\/?s={search_term_string}"},"query-input":{"@type":"PropertyValueSpecification","valueRequired":true,"valueName":"search_term_string"}}],"inLanguage":"it-IT"},{"@type":"Organization","@id":"https:\/\/eltoro.rs\/#organization","name":"STEAKHOUSE EL TORO since 2023","url":"https:\/\/eltoro.rs\/","logo":{"@type":"ImageObject","inLanguage":"it-IT","@id":"https:\/\/eltoro.rs\/#\/schema\/logo\/image\/","url":"https:\/\/eltoro.rs\/wp-content\/uploads\/2024\/12\/el-toro-logo.png","contentUrl":"https:\/\/eltoro.rs\/wp-content\/uploads\/2024\/12\/el-toro-logo.png","width":151,"height":84,"caption":"STEAKHOUSE EL TORO since 2023"},"image":{"@id":"https:\/\/eltoro.rs\/#\/schema\/logo\/image\/"}}]}},"_links":{"self":[{"href":"https:\/\/eltoro.rs\/it\/wp-json\/wp\/v2\/pages\/1155","targetHints":{"allow":["GET"]}}],"collection":[{"href":"https:\/\/eltoro.rs\/it\/wp-json\/wp\/v2\/pages"}],"about":[{"href":"https:\/\/eltoro.rs\/it\/wp-json\/wp\/v2\/types\/page"}],"author":[{"embeddable":true,"href":"https:\/\/eltoro.rs\/it\/wp-json\/wp\/v2\/users\/1"}],"replies":[{"embeddable":true,"href":"https:\/\/eltoro.rs\/it\/wp-json\/wp\/v2\/comments?post=1155"}],"version-history":[{"count":2,"href":"https:\/\/eltoro.rs\/it\/wp-json\/wp\/v2\/pages\/1155\/revisions"}],"predecessor-version":[{"id":1241,"href":"https:\/\/eltoro.rs\/it\/wp-json\/wp\/v2\/pages\/1155\/revisions\/1241"}],"up":[{"embeddable":true,"href":"https:\/\/eltoro.rs\/it\/wp-json\/wp\/v2\/pages\/414"}],"wp:attachment":[{"href":"https:\/\/eltoro.rs\/it\/wp-json\/wp\/v2\/media?parent=1155"}],"curies":[{"name":"wp","href":"https:\/\/api.w.org\/{rel}","templated":true}]}}