{"id":1167,"date":"2025-03-30T01:42:08","date_gmt":"2025-03-30T01:42:08","guid":{"rendered":"https:\/\/www.eltoro.rs\/menu\/karpaco\/"},"modified":"2025-04-17T21:25:11","modified_gmt":"2025-04-17T21:25:11","slug":"carpaccio","status":"publish","type":"page","link":"https:\/\/eltoro.rs\/it\/menu\/carpaccio\/","title":{"rendered":"Carpaccio"},"content":{"rendered":"\n<div class=\"wp-block-group has-global-padding is-layout-constrained wp-container-core-group-is-layout-c5903013 wp-block-group-is-layout-constrained\" style=\"padding-right:0px;padding-left:0px\">\n<figure class=\"wp-block-image alignfull size-full jela__opis-slika\"><img loading=\"lazy\" decoding=\"async\" width=\"1600\" height=\"1060\" src=\"https:\/\/eltoro.rs\/wp-content\/uploads\/2025\/03\/Karpaco.jpg\" alt=\"\" class=\"wp-image-1066\" srcset=\"https:\/\/eltoro.rs\/wp-content\/uploads\/2025\/03\/Karpaco.jpg 1600w, https:\/\/eltoro.rs\/wp-content\/uploads\/2025\/03\/Karpaco-300x199.jpg 300w, https:\/\/eltoro.rs\/wp-content\/uploads\/2025\/03\/Karpaco-1024x678.jpg 1024w, https:\/\/eltoro.rs\/wp-content\/uploads\/2025\/03\/Karpaco-768x509.jpg 768w, https:\/\/eltoro.rs\/wp-content\/uploads\/2025\/03\/Karpaco-1536x1018.jpg 1536w\" sizes=\"auto, (max-width: 1600px) 100vw, 1600px\" \/><\/figure>\n<\/div>\n\n\n\n<div class=\"wp-block-group has-global-padding is-layout-constrained wp-container-core-group-is-layout-3c3e4b16 wp-block-group-is-layout-constrained\" style=\"margin-top:var(--wp--preset--spacing--60);margin-bottom:var(--wp--preset--spacing--60);padding-right:20px;padding-left:20px\">\n<div class=\"wp-block-group has-global-padding is-layout-constrained wp-container-core-group-is-layout-f9a37a7f wp-block-group-is-layout-constrained\" style=\"margin-top:0;margin-bottom:0\">\n<div class=\"wp-block-group has-global-padding is-layout-constrained wp-container-core-group-is-layout-c19476fc wp-block-group-is-layout-constrained\">\n<div class=\"wp-block-group has-global-padding is-layout-constrained wp-container-core-group-is-layout-54c64c22 wp-block-group-is-layout-constrained\">\n<hr class=\"wp-block-separator has-alpha-channel-opacity\"\/>\n<\/div>\n<\/div>\n\n\n\n<h2 class=\"wp-block-heading has-text-align-center has-black-color has-text-color has-link-color has-x-large-font-size wp-elements-74f17185ee8a3bc56c6ffe5d33d81835\">Carpaccio<\/h2>\n\n\n\n<p class=\"has-text-align-center has-red-color has-text-color has-link-color has-medium-font-size wp-elements-131cf125fefdde09788bbb9ba485f78d\"><em>Specialit\u00e0 autentica di carne cruda per veri gourmet<\/em><\/p>\n\n\n\n<p class=\"has-text-align-center has-grey-color has-text-color has-link-color has-medium-font-size wp-elements-6bf12b9260758e574c7199ab397a8c15\">Il Carpaccio \u00e8 un classico della cucina italiana e uno dei piatti pi\u00f9 apprezzati nella categoria delle specialit\u00e0 crude. Nel nostro ristorante, viene preparato con filetto di manzo selezionato con cura, affettato in fettine sottilissime e servito con ingredienti che ne esaltano il sapore naturale.<\/p>\n\n\n\n<p class=\"has-text-align-center has-grey-color has-text-color has-link-color has-medium-font-size wp-elements-72d4c7f4fec50c87cd5954f0fb6b4e5b\">Questa specialit\u00e0 autentica unisce freschezza ed eleganza, ed \u00e8 ideale per chi cerca sapori audaci, leggeri e raffinati. Ogni piatto \u00e8 completato con olio extravergine d\u2019oliva, scaglie di parmigiano, rucola e succo di limone \u2013 per un boccone bilanciato e rinfrescante.<\/p>\n\n\n\n<p class=\"has-text-align-center has-grey-color has-text-color has-link-color has-medium-font-size wp-elements-8a047a046bac8823da4cb532fbbb983f\">Il carpaccio \u00e8 un\u2019ottima scelta come antipasto, piatto leggero o parte di un men\u00f9 degustazione. Grazie al suo aspetto visivo e al profilo gustativo, lascia sempre una forte impressione su ogni ospite.<\/p>\n\n\n\n<p><\/p>\n<\/div>\n\n\n\n<div class=\"wp-block-group is-layout-flow wp-container-core-group-is-layout-4776eb64 wp-block-group-is-layout-flow\" style=\"margin-top:80px;margin-bottom:0\">\n<div class=\"wp-block-group has-global-padding is-layout-constrained wp-container-core-group-is-layout-c19476fc wp-block-group-is-layout-constrained\">\n<div class=\"wp-block-group has-global-padding is-layout-constrained wp-container-core-group-is-layout-54c64c22 wp-block-group-is-layout-constrained\">\n<hr class=\"wp-block-separator has-alpha-channel-opacity\"\/>\n<\/div>\n<\/div>\n\n\n\n<h2 class=\"wp-block-heading has-text-align-center has-black-color has-text-color has-link-color has-x-large-font-size wp-elements-4ead04eb1bd231ab1370c234a8e4abf5\">Caratteristiche del Carpaccio:<\/h2>\n\n\n\n<p class=\"has-text-align-center has-grey-color has-text-color has-link-color has-medium-font-size wp-elements-216e5d6102d212526fcc3a14d35aa38a\">\u2022 Preparato con filetto di manzo crudo di altissima qualit\u00e0<br>\u2022 Affettato in fettine ultra sottili per una consistenza perfetta<br>\u2022 Servito con rucola e spezie fresche<br>\u2022 Scelta perfetta per chi ama piatti leggeri e originali<\/p>\n\n\n\n<p><\/p>\n<\/div>\n<\/div>\n","protected":false},"excerpt":{"rendered":"<p>Carpaccio Specialit\u00e0 autentica di carne cruda per veri gourmet Il Carpaccio \u00e8 un classico della cucina italiana e uno dei piatti pi\u00f9 apprezzati nella categoria delle specialit\u00e0 crude. Nel nostro ristorante, viene preparato con filetto di manzo selezionato con cura, affettato in fettine sottilissime e servito con ingredienti che ne esaltano il sapore naturale. Questa [&hellip;]<\/p>\n","protected":false},"author":1,"featured_media":0,"parent":414,"menu_order":0,"comment_status":"closed","ping_status":"closed","template":"wp-custom-template-page-white","meta":{"footnotes":""},"class_list":["post-1167","page","type-page","status-publish","hentry"],"yoast_head":"<!-- This site is optimized with the Yoast SEO plugin v25.3.1 - https:\/\/yoast.com\/wordpress\/plugins\/seo\/ -->\n<title>Carpaccio - toro<\/title>\n<meta name=\"description\" content=\"NAJSTARIJI STAKEHOUSE EL TORO,\u00a0SINCE\u00a02003.\" \/>\n<meta name=\"robots\" content=\"index, follow, max-snippet:-1, max-image-preview:large, max-video-preview:-1\" \/>\n<link rel=\"canonical\" href=\"https:\/\/eltoro.rs\/it\/menu\/carpaccio\/\" \/>\n<meta property=\"og:locale\" content=\"it_IT\" \/>\n<meta property=\"og:type\" content=\"article\" \/>\n<meta property=\"og:title\" content=\"Carpaccio - toro\" \/>\n<meta property=\"og:description\" content=\"NAJSTARIJI STAKEHOUSE EL TORO,\u00a0SINCE\u00a02003.\" \/>\n<meta property=\"og:url\" content=\"https:\/\/eltoro.rs\/it\/menu\/carpaccio\/\" \/>\n<meta property=\"og:site_name\" content=\"toro\" \/>\n<meta property=\"article:modified_time\" content=\"2025-04-17T21:25:11+00:00\" \/>\n<meta property=\"og:image\" content=\"https:\/\/eltoro.rs\/wp-content\/uploads\/2025\/03\/Karpaco.jpg\" \/>\n\t<meta property=\"og:image:width\" content=\"1600\" \/>\n\t<meta property=\"og:image:height\" content=\"1060\" \/>\n\t<meta property=\"og:image:type\" content=\"image\/jpeg\" \/>\n<meta name=\"twitter:card\" content=\"summary_large_image\" \/>\n<meta name=\"twitter:label1\" content=\"Tempo di lettura stimato\" \/>\n\t<meta name=\"twitter:data1\" content=\"1 minuto\" \/>\n<script type=\"application\/ld+json\" class=\"yoast-schema-graph\">{\"@context\":\"https:\/\/schema.org\",\"@graph\":[{\"@type\":\"WebPage\",\"@id\":\"https:\/\/eltoro.rs\/it\/menu\/carpaccio\/\",\"url\":\"https:\/\/eltoro.rs\/it\/menu\/carpaccio\/\",\"name\":\"Carpaccio - toro\",\"isPartOf\":{\"@id\":\"https:\/\/eltoro.rs\/#website\"},\"primaryImageOfPage\":{\"@id\":\"https:\/\/eltoro.rs\/it\/menu\/carpaccio\/#primaryimage\"},\"image\":{\"@id\":\"https:\/\/eltoro.rs\/it\/menu\/carpaccio\/#primaryimage\"},\"thumbnailUrl\":\"https:\/\/eltoro.rs\/wp-content\/uploads\/2025\/03\/Karpaco.jpg\",\"datePublished\":\"2025-03-30T01:42:08+00:00\",\"dateModified\":\"2025-04-17T21:25:11+00:00\",\"description\":\"NAJSTARIJI STAKEHOUSE EL TORO,\u00a0SINCE\u00a02003.\",\"breadcrumb\":{\"@id\":\"https:\/\/eltoro.rs\/it\/menu\/carpaccio\/#breadcrumb\"},\"inLanguage\":\"it-IT\",\"potentialAction\":[{\"@type\":\"ReadAction\",\"target\":[\"https:\/\/eltoro.rs\/it\/menu\/carpaccio\/\"]}]},{\"@type\":\"ImageObject\",\"inLanguage\":\"it-IT\",\"@id\":\"https:\/\/eltoro.rs\/it\/menu\/carpaccio\/#primaryimage\",\"url\":\"https:\/\/eltoro.rs\/wp-content\/uploads\/2025\/03\/Karpaco.jpg\",\"contentUrl\":\"https:\/\/eltoro.rs\/wp-content\/uploads\/2025\/03\/Karpaco.jpg\"},{\"@type\":\"BreadcrumbList\",\"@id\":\"https:\/\/eltoro.rs\/it\/menu\/carpaccio\/#breadcrumb\",\"itemListElement\":[{\"@type\":\"ListItem\",\"position\":1,\"name\":\"Home\",\"item\":\"https:\/\/eltoro.rs\/it\/\"},{\"@type\":\"ListItem\",\"position\":2,\"name\":\"Menu\",\"item\":\"https:\/\/eltoro.rs\/it\/menu\/\"},{\"@type\":\"ListItem\",\"position\":3,\"name\":\"Carpaccio\"}]},{\"@type\":\"WebSite\",\"@id\":\"https:\/\/eltoro.rs\/#website\",\"url\":\"https:\/\/eltoro.rs\/\",\"name\":\"STEAKHOUSE EL TORO since 2023\",\"description\":\"STEAKHOUSE EL TORO since 2003\",\"publisher\":{\"@id\":\"https:\/\/eltoro.rs\/#organization\"},\"potentialAction\":[{\"@type\":\"SearchAction\",\"target\":{\"@type\":\"EntryPoint\",\"urlTemplate\":\"https:\/\/eltoro.rs\/?s={search_term_string}\"},\"query-input\":{\"@type\":\"PropertyValueSpecification\",\"valueRequired\":true,\"valueName\":\"search_term_string\"}}],\"inLanguage\":\"it-IT\"},{\"@type\":\"Organization\",\"@id\":\"https:\/\/eltoro.rs\/#organization\",\"name\":\"STEAKHOUSE EL TORO since 2023\",\"url\":\"https:\/\/eltoro.rs\/\",\"logo\":{\"@type\":\"ImageObject\",\"inLanguage\":\"it-IT\",\"@id\":\"https:\/\/eltoro.rs\/#\/schema\/logo\/image\/\",\"url\":\"https:\/\/eltoro.rs\/wp-content\/uploads\/2024\/12\/el-toro-logo.png\",\"contentUrl\":\"https:\/\/eltoro.rs\/wp-content\/uploads\/2024\/12\/el-toro-logo.png\",\"width\":151,\"height\":84,\"caption\":\"STEAKHOUSE EL TORO since 2023\"},\"image\":{\"@id\":\"https:\/\/eltoro.rs\/#\/schema\/logo\/image\/\"}}]}<\/script>\n<!-- \/ Yoast SEO plugin. -->","yoast_head_json":{"title":"Carpaccio - toro","description":"NAJSTARIJI STAKEHOUSE EL TORO,\u00a0SINCE\u00a02003.","robots":{"index":"index","follow":"follow","max-snippet":"max-snippet:-1","max-image-preview":"max-image-preview:large","max-video-preview":"max-video-preview:-1"},"canonical":"https:\/\/eltoro.rs\/it\/menu\/carpaccio\/","og_locale":"it_IT","og_type":"article","og_title":"Carpaccio - toro","og_description":"NAJSTARIJI STAKEHOUSE EL TORO,\u00a0SINCE\u00a02003.","og_url":"https:\/\/eltoro.rs\/it\/menu\/carpaccio\/","og_site_name":"toro","article_modified_time":"2025-04-17T21:25:11+00:00","og_image":[{"width":1600,"height":1060,"url":"https:\/\/eltoro.rs\/wp-content\/uploads\/2025\/03\/Karpaco.jpg","type":"image\/jpeg"}],"twitter_card":"summary_large_image","twitter_misc":{"Tempo di lettura stimato":"1 minuto"},"schema":{"@context":"https:\/\/schema.org","@graph":[{"@type":"WebPage","@id":"https:\/\/eltoro.rs\/it\/menu\/carpaccio\/","url":"https:\/\/eltoro.rs\/it\/menu\/carpaccio\/","name":"Carpaccio - toro","isPartOf":{"@id":"https:\/\/eltoro.rs\/#website"},"primaryImageOfPage":{"@id":"https:\/\/eltoro.rs\/it\/menu\/carpaccio\/#primaryimage"},"image":{"@id":"https:\/\/eltoro.rs\/it\/menu\/carpaccio\/#primaryimage"},"thumbnailUrl":"https:\/\/eltoro.rs\/wp-content\/uploads\/2025\/03\/Karpaco.jpg","datePublished":"2025-03-30T01:42:08+00:00","dateModified":"2025-04-17T21:25:11+00:00","description":"NAJSTARIJI STAKEHOUSE EL TORO,\u00a0SINCE\u00a02003.","breadcrumb":{"@id":"https:\/\/eltoro.rs\/it\/menu\/carpaccio\/#breadcrumb"},"inLanguage":"it-IT","potentialAction":[{"@type":"ReadAction","target":["https:\/\/eltoro.rs\/it\/menu\/carpaccio\/"]}]},{"@type":"ImageObject","inLanguage":"it-IT","@id":"https:\/\/eltoro.rs\/it\/menu\/carpaccio\/#primaryimage","url":"https:\/\/eltoro.rs\/wp-content\/uploads\/2025\/03\/Karpaco.jpg","contentUrl":"https:\/\/eltoro.rs\/wp-content\/uploads\/2025\/03\/Karpaco.jpg"},{"@type":"BreadcrumbList","@id":"https:\/\/eltoro.rs\/it\/menu\/carpaccio\/#breadcrumb","itemListElement":[{"@type":"ListItem","position":1,"name":"Home","item":"https:\/\/eltoro.rs\/it\/"},{"@type":"ListItem","position":2,"name":"Menu","item":"https:\/\/eltoro.rs\/it\/menu\/"},{"@type":"ListItem","position":3,"name":"Carpaccio"}]},{"@type":"WebSite","@id":"https:\/\/eltoro.rs\/#website","url":"https:\/\/eltoro.rs\/","name":"STEAKHOUSE EL TORO since 2023","description":"STEAKHOUSE EL TORO since 2003","publisher":{"@id":"https:\/\/eltoro.rs\/#organization"},"potentialAction":[{"@type":"SearchAction","target":{"@type":"EntryPoint","urlTemplate":"https:\/\/eltoro.rs\/?s={search_term_string}"},"query-input":{"@type":"PropertyValueSpecification","valueRequired":true,"valueName":"search_term_string"}}],"inLanguage":"it-IT"},{"@type":"Organization","@id":"https:\/\/eltoro.rs\/#organization","name":"STEAKHOUSE EL TORO since 2023","url":"https:\/\/eltoro.rs\/","logo":{"@type":"ImageObject","inLanguage":"it-IT","@id":"https:\/\/eltoro.rs\/#\/schema\/logo\/image\/","url":"https:\/\/eltoro.rs\/wp-content\/uploads\/2024\/12\/el-toro-logo.png","contentUrl":"https:\/\/eltoro.rs\/wp-content\/uploads\/2024\/12\/el-toro-logo.png","width":151,"height":84,"caption":"STEAKHOUSE EL TORO since 2023"},"image":{"@id":"https:\/\/eltoro.rs\/#\/schema\/logo\/image\/"}}]}},"_links":{"self":[{"href":"https:\/\/eltoro.rs\/it\/wp-json\/wp\/v2\/pages\/1167","targetHints":{"allow":["GET"]}}],"collection":[{"href":"https:\/\/eltoro.rs\/it\/wp-json\/wp\/v2\/pages"}],"about":[{"href":"https:\/\/eltoro.rs\/it\/wp-json\/wp\/v2\/types\/page"}],"author":[{"embeddable":true,"href":"https:\/\/eltoro.rs\/it\/wp-json\/wp\/v2\/users\/1"}],"replies":[{"embeddable":true,"href":"https:\/\/eltoro.rs\/it\/wp-json\/wp\/v2\/comments?post=1167"}],"version-history":[{"count":1,"href":"https:\/\/eltoro.rs\/it\/wp-json\/wp\/v2\/pages\/1167\/revisions"}],"predecessor-version":[{"id":1199,"href":"https:\/\/eltoro.rs\/it\/wp-json\/wp\/v2\/pages\/1167\/revisions\/1199"}],"up":[{"embeddable":true,"href":"https:\/\/eltoro.rs\/it\/wp-json\/wp\/v2\/pages\/414"}],"wp:attachment":[{"href":"https:\/\/eltoro.rs\/it\/wp-json\/wp\/v2\/media?parent=1167"}],"curies":[{"name":"wp","href":"https:\/\/api.w.org\/{rel}","templated":true}]}}