{"id":462,"date":"2024-12-05T02:53:52","date_gmt":"2024-12-05T02:53:52","guid":{"rendered":"https:\/\/eltoro.242studio.com\/pocetna\/"},"modified":"2025-01-31T08:24:40","modified_gmt":"2025-01-31T08:24:40","slug":"pocetna","status":"publish","type":"page","link":"https:\/\/eltoro.rs\/it\/","title":{"rendered":"PAGINA INIZIALE"},"content":{"rendered":"\n<figure class=\"wp-block-video alignfull\"><video height=\"768\" style=\"aspect-ratio: 1280 \/ 768;\" width=\"1280\" autoplay loop muted src=\"https:\/\/eltoro.rs\/wp-content\/uploads\/2024\/12\/hero-media.mp4\" playsinline><\/video><\/figure>\n\n\n\n<div class=\"wp-block-group has-global-padding is-layout-constrained wp-container-core-group-is-layout-177c9db8 wp-block-group-is-layout-constrained\" style=\"margin-top:var(--wp--preset--spacing--60);margin-bottom:var(--wp--preset--spacing--60)\">\n<div class=\"wp-block-group is-layout-flow wp-container-core-group-is-layout-122e10eb wp-block-group-is-layout-flow\" style=\"margin-top:0;margin-bottom:0\">\n<div class=\"wp-block-group has-global-padding is-layout-constrained wp-container-core-group-is-layout-c19476fc wp-block-group-is-layout-constrained\">\n<p class=\"has-text-align-center has-red-color has-text-color has-link-color has-x-small-font-size wp-elements-23fe2627de5a7bfa4309b3f260d2fa7b\"><em>Il ristorante steakhouse pi\u00f9 antico<\/em><\/p>\n\n\n\n<div class=\"wp-block-group has-global-padding is-layout-constrained wp-container-core-group-is-layout-54c64c22 wp-block-group-is-layout-constrained\">\n<hr class=\"wp-block-separator has-alpha-channel-opacity\"\/>\n<\/div>\n<\/div>\n\n\n\n<h2 class=\"wp-block-heading has-text-align-center has-x-large-font-size\">BENVENUTI NELLO STEAKHOUSE EL TORO DAL 2003<\/h2>\n\n\n\n<p class=\"has-text-align-center\">Benvenuti nello STEAKHOUSE EL TORO dal 2003 \u2013 un ristorante in cui la tradizione non \u00e8 solo una parola, ma uno stile di vita e di lavoro. Fin dal momento in cui abbiamo aperto le porte, il nostro obiettivo \u00e8 stato semplice ma ambizioso: creare un luogo in cui le persone possano incontrarsi, godere di una cucina eccellente e creare ricordi che durino per sempre. Oggi, dopo anni di dedizione e lavoro, lo STEAKHOUSE EL TORO dal 2003 \u00e8 un simbolo di qualit\u00e0, autenticit\u00e0 e ospitalit\u00e0.<\/p>\n<\/div>\n<\/div>\n\n\n\n<div class=\"wp-block-media-text is-stacked-on-mobile\" style=\"margin-top:var(--wp--preset--spacing--60);margin-bottom:var(--wp--preset--spacing--60)\"><figure class=\"wp-block-media-text__media\"><img loading=\"lazy\" decoding=\"async\" width=\"1000\" height=\"667\" src=\"https:\/\/eltoro.rs\/wp-content\/uploads\/2024\/12\/TOMAHAWK-STEAK.jpg\" alt=\"\" class=\"wp-image-723 size-full\" srcset=\"https:\/\/eltoro.rs\/wp-content\/uploads\/2024\/12\/TOMAHAWK-STEAK.jpg 1000w, https:\/\/eltoro.rs\/wp-content\/uploads\/2024\/12\/TOMAHAWK-STEAK-300x200.jpg 300w, https:\/\/eltoro.rs\/wp-content\/uploads\/2024\/12\/TOMAHAWK-STEAK-768x512.jpg 768w\" sizes=\"auto, (max-width: 1000px) 100vw, 1000px\" \/><\/figure><div class=\"wp-block-media-text__content\">\n<div class=\"wp-block-group has-global-padding is-content-justification-left is-layout-constrained wp-container-core-group-is-layout-f6cd5705 wp-block-group-is-layout-constrained\" style=\"margin-top:var(--wp--preset--spacing--30);margin-bottom:var(--wp--preset--spacing--30)\">\n<div class=\"wp-block-group has-global-padding is-content-justification-left is-layout-constrained wp-container-core-group-is-layout-ec89c095 wp-block-group-is-layout-constrained\">\n<p><strong><em>\u201cCarni e spezie accuratamente selezionate che provengono da tutto il mondo\u201d<\/em><\/strong><\/p>\n<\/div>\n\n\n\n<div class=\"wp-block-group has-global-padding is-content-justification-left is-layout-constrained wp-container-core-group-is-layout-c904c422 wp-block-group-is-layout-constrained\">\n<p>La nostra storia inizia con la passione per il gusto. Ogni ingrediente nella nostra cucina \u00e8 selezionato con cura: dalle verdure e frutta fresche di produttori locali, fino alle carni e spezie accuratamente scelte da tutto il mondo. Crediamo che solo il meglio sia abbastanza buono per i nostri ospiti e, per questo, ogni boccone racconta una storia d\u2019amore per il cibo.<\/p>\n<\/div>\n<\/div>\n<\/div><\/div>\n\n\n\n<div class=\"wp-block-group has-global-padding is-layout-constrained wp-container-core-group-is-layout-177c9db8 wp-block-group-is-layout-constrained\" style=\"margin-top:var(--wp--preset--spacing--60);margin-bottom:var(--wp--preset--spacing--60)\">\n<div class=\"wp-block-group alignwide has-global-padding is-layout-constrained wp-container-core-group-is-layout-78868122 wp-block-group-is-layout-constrained\" style=\"padding-right:0;padding-left:0\">\n<div class=\"wp-block-group has-global-padding is-layout-constrained wp-block-group-is-layout-constrained\">\n<div class=\"wp-block-group has-global-padding is-layout-constrained wp-container-core-group-is-layout-c19476fc wp-block-group-is-layout-constrained\">\n<p class=\"has-text-align-center has-red-color has-text-color has-link-color has-x-small-font-size wp-elements-899b2b116a9ae9896035c18a7b414726\"><em>PERCH\u00c9 SCEGLIERE LO STEAKHOUSE EL TORO DAL 2003<\/em><\/p>\n\n\n\n<div class=\"wp-block-group has-global-padding is-layout-constrained wp-container-core-group-is-layout-54c64c22 wp-block-group-is-layout-constrained\">\n<hr class=\"wp-block-separator has-alpha-channel-opacity\"\/>\n<\/div>\n<\/div>\n<\/div>\n\n\n\n<h2 class=\"wp-block-heading has-text-align-center has-x-large-font-size\">LA NOSTRA LUNGA TRADIZIONE COME GARANZIA DELLA NOSTRA QUALIT\u00c0<\/h2>\n\n\n\n<p class=\"has-text-align-center\">Con l\u2019intento di offrire il meglio ai nostri ospiti, tutti i piatti sono preparati con ingredienti freschi, senza aromi artificiali o surrogati. Offriamo anche una vasta selezione di vini locali e internazionali, poich\u00e9 un vino scelto con cura, abbinato a un determinato piatto, contribuisce all\u2019armonia dei sapori.<\/p>\n\n\n\n<div class=\"wp-block-buttons is-content-justification-center is-layout-flex wp-container-core-buttons-is-layout-a89b3969 wp-block-buttons-is-layout-flex\">\n<div class=\"wp-block-button is-style-fill\"><a class=\"wp-block-button__link has-text-align-center wp-element-button\" href=\"https:\/\/eltoro.rs\/it\/perche-el-toro\/\">PERCH\u00c9 EL TORO<\/a><\/div>\n<\/div>\n<\/div>\n<\/div>\n\n\n\n<div class=\"wp-block-media-text has-media-on-the-right is-stacked-on-mobile\" style=\"margin-top:var(--wp--preset--spacing--60);margin-right:0;margin-bottom:var(--wp--preset--spacing--60);margin-left:0\"><div class=\"wp-block-media-text__content\">\n<div class=\"wp-block-group has-global-padding is-content-justification-right is-layout-constrained wp-container-core-group-is-layout-6d0cc1fc wp-block-group-is-layout-constrained\" style=\"margin-top:var(--wp--preset--spacing--20);margin-bottom:var(--wp--preset--spacing--20)\">\n<div class=\"wp-block-group has-global-padding is-content-justification-left is-layout-constrained wp-container-core-group-is-layout-12dd3699 wp-block-group-is-layout-constrained\">\n<div class=\"wp-block-group has-global-padding is-layout-constrained wp-container-core-group-is-layout-c19476fc wp-block-group-is-layout-constrained\">\n<p class=\"has-text-align-left has-red-color has-text-color has-link-color has-x-small-font-size wp-elements-0cb34062ad9cdedd7b0e4ea948b70588\"><em>MENU<\/em><\/p>\n\n\n\n<div class=\"wp-block-group has-global-padding is-content-justification-left is-layout-constrained wp-container-core-group-is-layout-31307056 wp-block-group-is-layout-constrained\">\n<hr class=\"wp-block-separator has-alpha-channel-opacity\"\/>\n<\/div>\n<\/div>\n<\/div>\n\n\n\n<div class=\"wp-block-group has-global-padding is-content-justification-left is-layout-constrained wp-container-core-group-is-layout-ec89c095 wp-block-group-is-layout-constrained\">\n<h2 class=\"wp-block-heading\">IL NOSTRO MENU<\/h2>\n<\/div>\n\n\n\n<div class=\"wp-block-group has-global-padding is-content-justification-left is-layout-constrained wp-container-core-group-is-layout-c904c422 wp-block-group-is-layout-constrained\">\n<p>Ogni piatto nel nostro menu racconta una storia: una storia di abilit\u00e0, dedizione e amore per il gusto. Dal primo boccone all\u2019ultimo sorso di vino, le nostre creazioni sono pensate per risvegliare tutti i vostri sensi. Godetevi l\u2019armonia tra ricette autentiche e tecniche culinarie moderne, adattate con cura per soddisfare anche i palati pi\u00f9 raffinati. Nel nostro ristorante, ogni pagina del menu rappresenta una pagina della nostra passione per il cibo.<\/p>\n<\/div>\n\n\n\n<div class=\"wp-block-buttons is-layout-flex wp-block-buttons-is-layout-flex\">\n<div class=\"wp-block-button\"><a class=\"wp-block-button__link wp-element-button\" href=\"https:\/\/eltoro.rs\/it\/menu\/\">GUARDA IL MEN\u00d9<\/a><\/div>\n<\/div>\n<\/div>\n<\/div><figure class=\"wp-block-media-text__media\"><img loading=\"lazy\" decoding=\"async\" width=\"1000\" height=\"667\" src=\"https:\/\/eltoro.rs\/wp-content\/uploads\/2024\/12\/T-BONE-STEAK-SCOTLAND.jpg\" alt=\"\" class=\"wp-image-719 size-full\" srcset=\"https:\/\/eltoro.rs\/wp-content\/uploads\/2024\/12\/T-BONE-STEAK-SCOTLAND.jpg 1000w, https:\/\/eltoro.rs\/wp-content\/uploads\/2024\/12\/T-BONE-STEAK-SCOTLAND-300x200.jpg 300w, https:\/\/eltoro.rs\/wp-content\/uploads\/2024\/12\/T-BONE-STEAK-SCOTLAND-768x512.jpg 768w\" sizes=\"auto, (max-width: 1000px) 100vw, 1000px\" \/><\/figure><\/div>\n\n\n\n<div class=\"wp-block-group has-black-background-color has-background has-global-padding is-layout-constrained wp-block-group-is-layout-constrained\">\n<div class=\"wp-block-columns alignwide is-layout-flex wp-container-core-columns-is-layout-bdb7dd0d wp-block-columns-is-layout-flex\" style=\"margin-top:0;margin-bottom:0;padding-top:var(--wp--preset--spacing--50);padding-bottom:var(--wp--preset--spacing--50)\">\n<div class=\"wp-block-column is-vertically-aligned-center has-white-color has-text-color has-link-color wp-elements-cfd5b92bacbc3f90814bc1bfb2e49e3e is-layout-flow wp-block-column-is-layout-flow\">\n<div class=\"wp-block-group has-global-padding is-layout-constrained wp-container-core-group-is-layout-e0082cf6 wp-block-group-is-layout-constrained\">\n<div class=\"wp-block-group has-global-padding is-content-justification-left is-layout-constrained wp-container-core-group-is-layout-53ae008a wp-block-group-is-layout-constrained\">\n<p class=\"has-text-align-left has-red-color has-text-color has-link-color has-x-small-font-size wp-elements-be036582edf353d1ac545ebf1b31bb17\"><em><em>GALLERIA<\/em><\/em><\/p>\n\n\n\n<div class=\"wp-block-group has-global-padding is-content-justification-left is-layout-constrained wp-container-core-group-is-layout-31307056 wp-block-group-is-layout-constrained\">\n<hr class=\"wp-block-separator has-alpha-channel-opacity\"\/>\n<\/div>\n<\/div>\n\n\n\n<h2 class=\"wp-block-heading has-text-align-left has-x-large-font-size\">VIVI L&#8217;ATMOSFERA E GUSTA LE MIGLIORI SPECIALIT\u00c0<\/h2>\n\n\n\n<div class=\"wp-block-buttons is-layout-flex wp-block-buttons-is-layout-flex\">\n<div class=\"wp-block-button has-custom-width wp-block-button__width-50 is-style-fill\"><a class=\"wp-block-button__link has-white-color has-text-color has-link-color wp-element-button\" href=\"https:\/\/eltoro.rs\/it\/galleria\/\">VEDI TUTTO<\/a><\/div>\n<\/div>\n<\/div>\n<\/div>\n\n\n\n<div class=\"wp-block-column is-layout-flow wp-block-column-is-layout-flow\">\n<figure class=\"wp-block-image size-full\"><img loading=\"lazy\" decoding=\"async\" width=\"636\" height=\"500\" src=\"https:\/\/eltoro.rs\/wp-content\/uploads\/2024\/12\/Frame-3811-1.png\" alt=\"\" class=\"wp-image-640\" srcset=\"https:\/\/eltoro.rs\/wp-content\/uploads\/2024\/12\/Frame-3811-1.png 636w, https:\/\/eltoro.rs\/wp-content\/uploads\/2024\/12\/Frame-3811-1-300x236.png 300w\" sizes=\"auto, (max-width: 636px) 100vw, 636px\" \/><\/figure>\n<\/div>\n<\/div>\n<\/div>\n\n\n\n<p><\/p>\n","protected":false},"excerpt":{"rendered":"<p>Il ristorante steakhouse pi\u00f9 antico BENVENUTI NELLO STEAKHOUSE EL TORO DAL 2003 Benvenuti nello STEAKHOUSE EL TORO dal 2003 \u2013 un ristorante in cui la tradizione non \u00e8 solo una parola, ma uno stile di vita e di lavoro. Fin dal momento in cui abbiamo aperto le porte, il nostro obiettivo \u00e8 stato semplice ma [&hellip;]<\/p>\n","protected":false},"author":1,"featured_media":0,"parent":0,"menu_order":0,"comment_status":"closed","ping_status":"closed","template":"wp-custom-template-page-white","meta":{"footnotes":""},"class_list":["post-462","page","type-page","status-publish","hentry"],"yoast_head":"<!-- This site is optimized with the Yoast SEO plugin v25.3.1 - https:\/\/yoast.com\/wordpress\/plugins\/seo\/ -->\n<title>PAGINA INIZIALE - toro<\/title>\n<meta name=\"description\" content=\"NAJSTARIJI STAKEHOUSE EL TORO,\u00a0SINCE\u00a02003.\" \/>\n<meta name=\"robots\" content=\"index, follow, max-snippet:-1, max-image-preview:large, max-video-preview:-1\" \/>\n<link rel=\"canonical\" href=\"https:\/\/eltoro.rs\/it\/\" \/>\n<meta property=\"og:locale\" content=\"it_IT\" \/>\n<meta property=\"og:type\" content=\"article\" \/>\n<meta property=\"og:title\" content=\"PAGINA INIZIALE - toro\" \/>\n<meta property=\"og:description\" content=\"NAJSTARIJI STAKEHOUSE EL TORO,\u00a0SINCE\u00a02003.\" \/>\n<meta property=\"og:url\" content=\"https:\/\/eltoro.rs\/it\/\" \/>\n<meta property=\"og:site_name\" content=\"toro\" \/>\n<meta property=\"article:modified_time\" content=\"2025-01-31T08:24:40+00:00\" \/>\n<meta property=\"og:image\" content=\"https:\/\/eltoro.rs\/wp-content\/uploads\/2024\/12\/TOMAHAWK-STEAK.jpg\" \/>\n\t<meta property=\"og:image:width\" content=\"1000\" \/>\n\t<meta property=\"og:image:height\" content=\"667\" \/>\n\t<meta property=\"og:image:type\" content=\"image\/jpeg\" \/>\n<meta name=\"twitter:card\" content=\"summary_large_image\" \/>\n<meta name=\"twitter:label1\" content=\"Tempo di lettura stimato\" \/>\n\t<meta name=\"twitter:data1\" content=\"3 minuti\" \/>\n<script type=\"application\/ld+json\" class=\"yoast-schema-graph\">{\"@context\":\"https:\/\/schema.org\",\"@graph\":[{\"@type\":\"WebPage\",\"@id\":\"https:\/\/eltoro.rs\/it\/\",\"url\":\"https:\/\/eltoro.rs\/it\/\",\"name\":\"PAGINA INIZIALE - toro\",\"isPartOf\":{\"@id\":\"https:\/\/eltoro.rs\/#website\"},\"primaryImageOfPage\":{\"@id\":\"https:\/\/eltoro.rs\/it\/#primaryimage\"},\"image\":{\"@id\":\"https:\/\/eltoro.rs\/it\/#primaryimage\"},\"thumbnailUrl\":\"https:\/\/eltoro.rs\/wp-content\/uploads\/2024\/12\/TOMAHAWK-STEAK.jpg\",\"datePublished\":\"2024-12-05T02:53:52+00:00\",\"dateModified\":\"2025-01-31T08:24:40+00:00\",\"description\":\"NAJSTARIJI STAKEHOUSE EL TORO,\u00a0SINCE\u00a02003.\",\"breadcrumb\":{\"@id\":\"https:\/\/eltoro.rs\/it\/#breadcrumb\"},\"inLanguage\":\"it-IT\",\"potentialAction\":[{\"@type\":\"ReadAction\",\"target\":[\"https:\/\/eltoro.rs\/it\/\"]}]},{\"@type\":\"ImageObject\",\"inLanguage\":\"it-IT\",\"@id\":\"https:\/\/eltoro.rs\/it\/#primaryimage\",\"url\":\"https:\/\/eltoro.rs\/wp-content\/uploads\/2024\/12\/TOMAHAWK-STEAK.jpg\",\"contentUrl\":\"https:\/\/eltoro.rs\/wp-content\/uploads\/2024\/12\/TOMAHAWK-STEAK.jpg\"},{\"@type\":\"BreadcrumbList\",\"@id\":\"https:\/\/eltoro.rs\/it\/#breadcrumb\",\"itemListElement\":[{\"@type\":\"ListItem\",\"position\":1,\"name\":\"Home\",\"item\":\"https:\/\/eltoro.rs\/it\/\"},{\"@type\":\"ListItem\",\"position\":2,\"name\":\"PAGINA INIZIALE\"}]},{\"@type\":\"WebSite\",\"@id\":\"https:\/\/eltoro.rs\/#website\",\"url\":\"https:\/\/eltoro.rs\/\",\"name\":\"STEAKHOUSE EL TORO since 2023\",\"description\":\"STEAKHOUSE EL TORO since 2003\",\"publisher\":{\"@id\":\"https:\/\/eltoro.rs\/#organization\"},\"potentialAction\":[{\"@type\":\"SearchAction\",\"target\":{\"@type\":\"EntryPoint\",\"urlTemplate\":\"https:\/\/eltoro.rs\/?s={search_term_string}\"},\"query-input\":{\"@type\":\"PropertyValueSpecification\",\"valueRequired\":true,\"valueName\":\"search_term_string\"}}],\"inLanguage\":\"it-IT\"},{\"@type\":\"Organization\",\"@id\":\"https:\/\/eltoro.rs\/#organization\",\"name\":\"STEAKHOUSE EL TORO since 2023\",\"url\":\"https:\/\/eltoro.rs\/\",\"logo\":{\"@type\":\"ImageObject\",\"inLanguage\":\"it-IT\",\"@id\":\"https:\/\/eltoro.rs\/#\/schema\/logo\/image\/\",\"url\":\"https:\/\/eltoro.rs\/wp-content\/uploads\/2024\/12\/el-toro-logo.png\",\"contentUrl\":\"https:\/\/eltoro.rs\/wp-content\/uploads\/2024\/12\/el-toro-logo.png\",\"width\":151,\"height\":84,\"caption\":\"STEAKHOUSE EL TORO since 2023\"},\"image\":{\"@id\":\"https:\/\/eltoro.rs\/#\/schema\/logo\/image\/\"}}]}<\/script>\n<!-- \/ Yoast SEO plugin. -->","yoast_head_json":{"title":"PAGINA INIZIALE - toro","description":"NAJSTARIJI STAKEHOUSE EL TORO,\u00a0SINCE\u00a02003.","robots":{"index":"index","follow":"follow","max-snippet":"max-snippet:-1","max-image-preview":"max-image-preview:large","max-video-preview":"max-video-preview:-1"},"canonical":"https:\/\/eltoro.rs\/it\/","og_locale":"it_IT","og_type":"article","og_title":"PAGINA INIZIALE - toro","og_description":"NAJSTARIJI STAKEHOUSE EL TORO,\u00a0SINCE\u00a02003.","og_url":"https:\/\/eltoro.rs\/it\/","og_site_name":"toro","article_modified_time":"2025-01-31T08:24:40+00:00","og_image":[{"width":1000,"height":667,"url":"https:\/\/eltoro.rs\/wp-content\/uploads\/2024\/12\/TOMAHAWK-STEAK.jpg","type":"image\/jpeg"}],"twitter_card":"summary_large_image","twitter_misc":{"Tempo di lettura stimato":"3 minuti"},"schema":{"@context":"https:\/\/schema.org","@graph":[{"@type":"WebPage","@id":"https:\/\/eltoro.rs\/it\/","url":"https:\/\/eltoro.rs\/it\/","name":"PAGINA INIZIALE - toro","isPartOf":{"@id":"https:\/\/eltoro.rs\/#website"},"primaryImageOfPage":{"@id":"https:\/\/eltoro.rs\/it\/#primaryimage"},"image":{"@id":"https:\/\/eltoro.rs\/it\/#primaryimage"},"thumbnailUrl":"https:\/\/eltoro.rs\/wp-content\/uploads\/2024\/12\/TOMAHAWK-STEAK.jpg","datePublished":"2024-12-05T02:53:52+00:00","dateModified":"2025-01-31T08:24:40+00:00","description":"NAJSTARIJI STAKEHOUSE EL TORO,\u00a0SINCE\u00a02003.","breadcrumb":{"@id":"https:\/\/eltoro.rs\/it\/#breadcrumb"},"inLanguage":"it-IT","potentialAction":[{"@type":"ReadAction","target":["https:\/\/eltoro.rs\/it\/"]}]},{"@type":"ImageObject","inLanguage":"it-IT","@id":"https:\/\/eltoro.rs\/it\/#primaryimage","url":"https:\/\/eltoro.rs\/wp-content\/uploads\/2024\/12\/TOMAHAWK-STEAK.jpg","contentUrl":"https:\/\/eltoro.rs\/wp-content\/uploads\/2024\/12\/TOMAHAWK-STEAK.jpg"},{"@type":"BreadcrumbList","@id":"https:\/\/eltoro.rs\/it\/#breadcrumb","itemListElement":[{"@type":"ListItem","position":1,"name":"Home","item":"https:\/\/eltoro.rs\/it\/"},{"@type":"ListItem","position":2,"name":"PAGINA INIZIALE"}]},{"@type":"WebSite","@id":"https:\/\/eltoro.rs\/#website","url":"https:\/\/eltoro.rs\/","name":"STEAKHOUSE EL TORO since 2023","description":"STEAKHOUSE EL TORO since 2003","publisher":{"@id":"https:\/\/eltoro.rs\/#organization"},"potentialAction":[{"@type":"SearchAction","target":{"@type":"EntryPoint","urlTemplate":"https:\/\/eltoro.rs\/?s={search_term_string}"},"query-input":{"@type":"PropertyValueSpecification","valueRequired":true,"valueName":"search_term_string"}}],"inLanguage":"it-IT"},{"@type":"Organization","@id":"https:\/\/eltoro.rs\/#organization","name":"STEAKHOUSE EL TORO since 2023","url":"https:\/\/eltoro.rs\/","logo":{"@type":"ImageObject","inLanguage":"it-IT","@id":"https:\/\/eltoro.rs\/#\/schema\/logo\/image\/","url":"https:\/\/eltoro.rs\/wp-content\/uploads\/2024\/12\/el-toro-logo.png","contentUrl":"https:\/\/eltoro.rs\/wp-content\/uploads\/2024\/12\/el-toro-logo.png","width":151,"height":84,"caption":"STEAKHOUSE EL TORO since 2023"},"image":{"@id":"https:\/\/eltoro.rs\/#\/schema\/logo\/image\/"}}]}},"_links":{"self":[{"href":"https:\/\/eltoro.rs\/it\/wp-json\/wp\/v2\/pages\/462","targetHints":{"allow":["GET"]}}],"collection":[{"href":"https:\/\/eltoro.rs\/it\/wp-json\/wp\/v2\/pages"}],"about":[{"href":"https:\/\/eltoro.rs\/it\/wp-json\/wp\/v2\/types\/page"}],"author":[{"embeddable":true,"href":"https:\/\/eltoro.rs\/it\/wp-json\/wp\/v2\/users\/1"}],"replies":[{"embeddable":true,"href":"https:\/\/eltoro.rs\/it\/wp-json\/wp\/v2\/comments?post=462"}],"version-history":[{"count":9,"href":"https:\/\/eltoro.rs\/it\/wp-json\/wp\/v2\/pages\/462\/revisions"}],"predecessor-version":[{"id":799,"href":"https:\/\/eltoro.rs\/it\/wp-json\/wp\/v2\/pages\/462\/revisions\/799"}],"wp:attachment":[{"href":"https:\/\/eltoro.rs\/it\/wp-json\/wp\/v2\/media?parent=462"}],"curies":[{"name":"wp","href":"https:\/\/api.w.org\/{rel}","templated":true}]}}