{"id":514,"date":"2024-12-05T07:18:06","date_gmt":"2024-12-05T07:18:06","guid":{"rendered":"https:\/\/eltoro.242studio.com\/zasto-el-toro\/"},"modified":"2024-12-15T23:32:30","modified_gmt":"2024-12-15T23:32:30","slug":"perche-el-toro","status":"publish","type":"page","link":"https:\/\/eltoro.rs\/it\/perche-el-toro\/","title":{"rendered":"PERCH\u00c9 EL TORO?"},"content":{"rendered":"\n<div class=\"wp-block-group has-global-padding is-layout-constrained wp-container-core-group-is-layout-177c9db8 wp-block-group-is-layout-constrained\" style=\"margin-top:var(--wp--preset--spacing--60);margin-bottom:var(--wp--preset--spacing--60)\">\n<div class=\"wp-block-group is-layout-flow wp-container-core-group-is-layout-122e10eb wp-block-group-is-layout-flow\" style=\"margin-top:0;margin-bottom:0\">\n<div class=\"wp-block-group has-global-padding is-layout-constrained wp-container-core-group-is-layout-c19476fc wp-block-group-is-layout-constrained\">\n<p class=\"has-text-align-center has-red-color has-text-color has-link-color has-x-small-font-size wp-elements-7310dc3e9b04e2254f530f150d596dd0\"><em>Perch\u00e9 STEAKHOUSE EL TORO dal 2003?<\/em><\/p>\n\n\n\n<div class=\"wp-block-group has-global-padding is-layout-constrained wp-container-core-group-is-layout-54c64c22 wp-block-group-is-layout-constrained\">\n<hr class=\"wp-block-separator has-alpha-channel-opacity\"\/>\n<\/div>\n<\/div>\n\n\n\n<h1 class=\"wp-block-heading has-text-align-center has-x-large-font-size\">La nostra lunga tradizione come prova della nostra qualit\u00e0.<\/h1>\n\n\n\n<p class=\"has-text-align-center\">STEAKHOUSE EL TORO dal 2003 non \u00e8 solo un posto dove mangiare, \u00e8 un posto dove godere con tutti i sensi. Il nostro ristorante \u00e8 molto pi\u00f9 del gusto; \u00e8 l&#8217;atmosfera, la storia e il senso di appartenenza. Quando entrate in STEAKHOUSE EL TORO dal 2003, entrate in uno spazio dove ogni dettaglio \u00e8 stato progettato con cura per offrirvi un&#8217;esperienza indimenticabile. La nostra filosofia \u00e8 semplice: unire tradizione, qualit\u00e0 e servizio eccezionale.<\/p>\n<\/div>\n<\/div>\n\n\n\n<div class=\"wp-block-group has-global-padding is-layout-constrained wp-block-group-is-layout-constrained\">\n<figure class=\"wp-block-image size-full\"><img loading=\"lazy\" decoding=\"async\" width=\"910\" height=\"505\" src=\"https:\/\/eltoro.rs\/wp-content\/uploads\/2024\/12\/Frame-38.jpg\" alt=\"\" class=\"wp-image-152\" srcset=\"https:\/\/eltoro.rs\/wp-content\/uploads\/2024\/12\/Frame-38.jpg 910w, https:\/\/eltoro.rs\/wp-content\/uploads\/2024\/12\/Frame-38-300x166.jpg 300w, https:\/\/eltoro.rs\/wp-content\/uploads\/2024\/12\/Frame-38-768x426.jpg 768w\" sizes=\"auto, (max-width: 910px) 100vw, 910px\" \/><\/figure>\n<\/div>\n\n\n\n<div class=\"wp-block-group has-global-padding is-layout-constrained wp-container-core-group-is-layout-177c9db8 wp-block-group-is-layout-constrained\" style=\"margin-top:var(--wp--preset--spacing--60);margin-bottom:var(--wp--preset--spacing--60)\">\n<div class=\"wp-block-group is-layout-flow wp-container-core-group-is-layout-122e10eb wp-block-group-is-layout-flow\" style=\"margin-top:0;margin-bottom:0\">\n<h2 class=\"wp-block-heading has-text-align-center has-x-large-font-size\">Cosa ci distingue?<\/h2>\n\n\n\n<p class=\"has-text-align-center\">STEAKHOUSE EL TORO dal 2003 \u00e8 il pi\u00f9 antico ristorante steakhouse in Serbia! Ogni piatto che esce dalla nostra cucina \u00e8 preparato con amore e passione, utilizzando solo i migliori ingredienti. I nostri chef sono artisti nel loro mestiere, creando piatti che non sono solo deliziosi, ma anche visivamente impressionanti. Dal momento in cui entrate, fino al momento in cui andate via, il nostro personale si prende cura che vi sentiate speciali e apprezzati.<\/p>\n\n\n\n<p class=\"has-text-align-center\">STEAKHOUSE EL TORO dal 2003 \u00e8 anche un luogo dove tradizione e innovazione si incontrano. Rispettiamo le ricette autentiche che fanno parte della nostra eredit\u00e0, ma non abbiamo paura di aggiungere un tocco moderno. La nostra carta dei vini \u00e8 progettata con cura per accompagnare ogni piatto, offrendovi una selezione dei migliori vini locali e internazionali.<\/p>\n<\/div>\n<\/div>\n\n\n\n<div class=\"wp-block-group has-global-padding is-layout-constrained wp-container-core-group-is-layout-177c9db8 wp-block-group-is-layout-constrained\" style=\"margin-top:var(--wp--preset--spacing--60);margin-bottom:var(--wp--preset--spacing--60)\">\n<div class=\"wp-block-group is-layout-flow wp-container-core-group-is-layout-122e10eb wp-block-group-is-layout-flow\" style=\"margin-top:0;margin-bottom:0\">\n<figure class=\"wp-block-image size-large\"><img loading=\"lazy\" decoding=\"async\" width=\"1024\" height=\"678\" src=\"https:\/\/eltoro.rs\/wp-content\/uploads\/2024\/12\/NES_2728V4-1024x678.jpg\" alt=\"\" class=\"wp-image-276\" srcset=\"https:\/\/eltoro.rs\/wp-content\/uploads\/2024\/12\/NES_2728V4-1024x678.jpg 1024w, https:\/\/eltoro.rs\/wp-content\/uploads\/2024\/12\/NES_2728V4-300x199.jpg 300w, https:\/\/eltoro.rs\/wp-content\/uploads\/2024\/12\/NES_2728V4-768x508.jpg 768w, https:\/\/eltoro.rs\/wp-content\/uploads\/2024\/12\/NES_2728V4.jpg 1154w\" sizes=\"auto, (max-width: 1024px) 100vw, 1024px\" \/><\/figure>\n<\/div>\n<\/div>\n\n\n\n<div class=\"wp-block-group has-global-padding is-layout-constrained wp-container-core-group-is-layout-177c9db8 wp-block-group-is-layout-constrained\" style=\"margin-top:var(--wp--preset--spacing--60);margin-bottom:var(--wp--preset--spacing--60)\">\n<div class=\"wp-block-group is-layout-flow wp-container-core-group-is-layout-122e10eb wp-block-group-is-layout-flow\" style=\"margin-top:0;margin-bottom:0\">\n<p class=\"has-text-align-center\">Ma non \u00e8 tutto \u2013 STEAKHOUSE EL TORO dal 2003 \u00e8 anche un luogo per celebrazioni, cene intime e occasioni speciali. Il nostro ambiente emana calore ed eleganza, creando il perfetto equilibrio tra comfort e sofisticatezza. Che ci visiti per una cena romantica, un pranzo di lavoro o una celebrazione con famiglia e amici, potete essere certi che faremo tutto il possibile per rendere il vostro momento speciale.<\/p>\n<\/div>\n<\/div>\n\n\n\n<div class=\"wp-block-group has-global-padding is-layout-constrained wp-container-core-group-is-layout-3103cd0d wp-block-group-is-layout-constrained\" style=\"margin-top:var(--wp--preset--spacing--60);margin-bottom:45px\">\n<div class=\"wp-block-group is-layout-flow wp-container-core-group-is-layout-122e10eb wp-block-group-is-layout-flow\" style=\"margin-top:0;margin-bottom:0\">\n<figure class=\"wp-block-image size-large\"><img loading=\"lazy\" decoding=\"async\" width=\"1024\" height=\"681\" src=\"https:\/\/eltoro.rs\/wp-content\/uploads\/2024\/12\/NES_4251N-1024x681.jpg\" alt=\"\" class=\"wp-image-278\" srcset=\"https:\/\/eltoro.rs\/wp-content\/uploads\/2024\/12\/NES_4251N-1024x681.jpg 1024w, https:\/\/eltoro.rs\/wp-content\/uploads\/2024\/12\/NES_4251N-300x199.jpg 300w, https:\/\/eltoro.rs\/wp-content\/uploads\/2024\/12\/NES_4251N-768x511.jpg 768w, https:\/\/eltoro.rs\/wp-content\/uploads\/2024\/12\/NES_4251N.jpg 1197w\" sizes=\"auto, (max-width: 1024px) 100vw, 1024px\" \/><\/figure>\n<\/div>\n<\/div>\n\n\n\n<div class=\"wp-block-group has-global-padding is-layout-constrained wp-container-core-group-is-layout-177c9db8 wp-block-group-is-layout-constrained\" style=\"margin-top:var(--wp--preset--spacing--60);margin-bottom:var(--wp--preset--spacing--60)\">\n<div class=\"wp-block-group is-layout-flow wp-container-core-group-is-layout-122e10eb wp-block-group-is-layout-flow\" style=\"margin-top:0;margin-bottom:0\">\n<p class=\"has-text-align-center\">Scegliete STEAKHOUSE EL TORO dal 2003 e vivete un ristorante che non \u00e8 solo un luogo dove mangiare, ma una destinazione per godere, connettersi e creare ricordi indimenticabili.<\/p>\n<\/div>\n<\/div>\n","protected":false},"excerpt":{"rendered":"<p>Perch\u00e9 STEAKHOUSE EL TORO dal 2003? La nostra lunga tradizione come prova della nostra qualit\u00e0. STEAKHOUSE EL TORO dal 2003 non \u00e8 solo un posto dove mangiare, \u00e8 un posto dove godere con tutti i sensi. Il nostro ristorante \u00e8 molto pi\u00f9 del gusto; \u00e8 l&#8217;atmosfera, la storia e il senso di appartenenza. Quando entrate [&hellip;]<\/p>\n","protected":false},"author":1,"featured_media":0,"parent":0,"menu_order":0,"comment_status":"closed","ping_status":"closed","template":"wp-custom-template-page-white","meta":{"footnotes":""},"class_list":["post-514","page","type-page","status-publish","hentry"],"yoast_head":"<!-- This site is optimized with the Yoast SEO plugin v25.3.1 - https:\/\/yoast.com\/wordpress\/plugins\/seo\/ -->\n<title>PERCH\u00c9 EL TORO? - toro<\/title>\n<meta name=\"description\" content=\"NAJSTARIJI STAKEHOUSE EL TORO,\u00a0SINCE\u00a02003.\" \/>\n<meta name=\"robots\" content=\"index, follow, max-snippet:-1, max-image-preview:large, max-video-preview:-1\" \/>\n<link rel=\"canonical\" href=\"https:\/\/eltoro.rs\/it\/perche-el-toro\/\" \/>\n<meta property=\"og:locale\" content=\"it_IT\" \/>\n<meta property=\"og:type\" content=\"article\" \/>\n<meta property=\"og:title\" content=\"PERCH\u00c9 EL TORO? - toro\" \/>\n<meta property=\"og:description\" content=\"NAJSTARIJI STAKEHOUSE EL TORO,\u00a0SINCE\u00a02003.\" \/>\n<meta property=\"og:url\" content=\"https:\/\/eltoro.rs\/it\/perche-el-toro\/\" \/>\n<meta property=\"og:site_name\" content=\"toro\" \/>\n<meta property=\"article:modified_time\" content=\"2024-12-15T23:32:30+00:00\" \/>\n<meta property=\"og:image\" content=\"https:\/\/eltoro.rs\/wp-content\/uploads\/2024\/12\/Frame-38.jpg\" \/>\n\t<meta property=\"og:image:width\" content=\"910\" \/>\n\t<meta property=\"og:image:height\" content=\"505\" \/>\n\t<meta property=\"og:image:type\" content=\"image\/jpeg\" \/>\n<meta name=\"twitter:card\" content=\"summary_large_image\" \/>\n<meta name=\"twitter:label1\" content=\"Tempo di lettura stimato\" \/>\n\t<meta name=\"twitter:data1\" content=\"1 minuto\" \/>\n<script type=\"application\/ld+json\" class=\"yoast-schema-graph\">{\"@context\":\"https:\/\/schema.org\",\"@graph\":[{\"@type\":\"WebPage\",\"@id\":\"https:\/\/eltoro.rs\/it\/perche-el-toro\/\",\"url\":\"https:\/\/eltoro.rs\/it\/perche-el-toro\/\",\"name\":\"PERCH\u00c9 EL TORO? - toro\",\"isPartOf\":{\"@id\":\"https:\/\/eltoro.rs\/#website\"},\"primaryImageOfPage\":{\"@id\":\"https:\/\/eltoro.rs\/it\/perche-el-toro\/#primaryimage\"},\"image\":{\"@id\":\"https:\/\/eltoro.rs\/it\/perche-el-toro\/#primaryimage\"},\"thumbnailUrl\":\"https:\/\/eltoro.rs\/wp-content\/uploads\/2024\/12\/Frame-38.jpg\",\"datePublished\":\"2024-12-05T07:18:06+00:00\",\"dateModified\":\"2024-12-15T23:32:30+00:00\",\"description\":\"NAJSTARIJI STAKEHOUSE EL TORO,\u00a0SINCE\u00a02003.\",\"breadcrumb\":{\"@id\":\"https:\/\/eltoro.rs\/it\/perche-el-toro\/#breadcrumb\"},\"inLanguage\":\"it-IT\",\"potentialAction\":[{\"@type\":\"ReadAction\",\"target\":[\"https:\/\/eltoro.rs\/it\/perche-el-toro\/\"]}]},{\"@type\":\"ImageObject\",\"inLanguage\":\"it-IT\",\"@id\":\"https:\/\/eltoro.rs\/it\/perche-el-toro\/#primaryimage\",\"url\":\"https:\/\/eltoro.rs\/wp-content\/uploads\/2024\/12\/Frame-38.jpg\",\"contentUrl\":\"https:\/\/eltoro.rs\/wp-content\/uploads\/2024\/12\/Frame-38.jpg\"},{\"@type\":\"BreadcrumbList\",\"@id\":\"https:\/\/eltoro.rs\/it\/perche-el-toro\/#breadcrumb\",\"itemListElement\":[{\"@type\":\"ListItem\",\"position\":1,\"name\":\"Home\",\"item\":\"https:\/\/eltoro.rs\/it\/\"},{\"@type\":\"ListItem\",\"position\":2,\"name\":\"PERCH\u00c9 EL TORO?\"}]},{\"@type\":\"WebSite\",\"@id\":\"https:\/\/eltoro.rs\/#website\",\"url\":\"https:\/\/eltoro.rs\/\",\"name\":\"STEAKHOUSE EL TORO since 2023\",\"description\":\"STEAKHOUSE EL TORO since 2003\",\"publisher\":{\"@id\":\"https:\/\/eltoro.rs\/#organization\"},\"potentialAction\":[{\"@type\":\"SearchAction\",\"target\":{\"@type\":\"EntryPoint\",\"urlTemplate\":\"https:\/\/eltoro.rs\/?s={search_term_string}\"},\"query-input\":{\"@type\":\"PropertyValueSpecification\",\"valueRequired\":true,\"valueName\":\"search_term_string\"}}],\"inLanguage\":\"it-IT\"},{\"@type\":\"Organization\",\"@id\":\"https:\/\/eltoro.rs\/#organization\",\"name\":\"STEAKHOUSE EL TORO since 2023\",\"url\":\"https:\/\/eltoro.rs\/\",\"logo\":{\"@type\":\"ImageObject\",\"inLanguage\":\"it-IT\",\"@id\":\"https:\/\/eltoro.rs\/#\/schema\/logo\/image\/\",\"url\":\"https:\/\/eltoro.rs\/wp-content\/uploads\/2024\/12\/el-toro-logo.png\",\"contentUrl\":\"https:\/\/eltoro.rs\/wp-content\/uploads\/2024\/12\/el-toro-logo.png\",\"width\":151,\"height\":84,\"caption\":\"STEAKHOUSE EL TORO since 2023\"},\"image\":{\"@id\":\"https:\/\/eltoro.rs\/#\/schema\/logo\/image\/\"}}]}<\/script>\n<!-- \/ Yoast SEO plugin. -->","yoast_head_json":{"title":"PERCH\u00c9 EL TORO? - toro","description":"NAJSTARIJI STAKEHOUSE EL TORO,\u00a0SINCE\u00a02003.","robots":{"index":"index","follow":"follow","max-snippet":"max-snippet:-1","max-image-preview":"max-image-preview:large","max-video-preview":"max-video-preview:-1"},"canonical":"https:\/\/eltoro.rs\/it\/perche-el-toro\/","og_locale":"it_IT","og_type":"article","og_title":"PERCH\u00c9 EL TORO? - toro","og_description":"NAJSTARIJI STAKEHOUSE EL TORO,\u00a0SINCE\u00a02003.","og_url":"https:\/\/eltoro.rs\/it\/perche-el-toro\/","og_site_name":"toro","article_modified_time":"2024-12-15T23:32:30+00:00","og_image":[{"width":910,"height":505,"url":"https:\/\/eltoro.rs\/wp-content\/uploads\/2024\/12\/Frame-38.jpg","type":"image\/jpeg"}],"twitter_card":"summary_large_image","twitter_misc":{"Tempo di lettura stimato":"1 minuto"},"schema":{"@context":"https:\/\/schema.org","@graph":[{"@type":"WebPage","@id":"https:\/\/eltoro.rs\/it\/perche-el-toro\/","url":"https:\/\/eltoro.rs\/it\/perche-el-toro\/","name":"PERCH\u00c9 EL TORO? - toro","isPartOf":{"@id":"https:\/\/eltoro.rs\/#website"},"primaryImageOfPage":{"@id":"https:\/\/eltoro.rs\/it\/perche-el-toro\/#primaryimage"},"image":{"@id":"https:\/\/eltoro.rs\/it\/perche-el-toro\/#primaryimage"},"thumbnailUrl":"https:\/\/eltoro.rs\/wp-content\/uploads\/2024\/12\/Frame-38.jpg","datePublished":"2024-12-05T07:18:06+00:00","dateModified":"2024-12-15T23:32:30+00:00","description":"NAJSTARIJI STAKEHOUSE EL TORO,\u00a0SINCE\u00a02003.","breadcrumb":{"@id":"https:\/\/eltoro.rs\/it\/perche-el-toro\/#breadcrumb"},"inLanguage":"it-IT","potentialAction":[{"@type":"ReadAction","target":["https:\/\/eltoro.rs\/it\/perche-el-toro\/"]}]},{"@type":"ImageObject","inLanguage":"it-IT","@id":"https:\/\/eltoro.rs\/it\/perche-el-toro\/#primaryimage","url":"https:\/\/eltoro.rs\/wp-content\/uploads\/2024\/12\/Frame-38.jpg","contentUrl":"https:\/\/eltoro.rs\/wp-content\/uploads\/2024\/12\/Frame-38.jpg"},{"@type":"BreadcrumbList","@id":"https:\/\/eltoro.rs\/it\/perche-el-toro\/#breadcrumb","itemListElement":[{"@type":"ListItem","position":1,"name":"Home","item":"https:\/\/eltoro.rs\/it\/"},{"@type":"ListItem","position":2,"name":"PERCH\u00c9 EL TORO?"}]},{"@type":"WebSite","@id":"https:\/\/eltoro.rs\/#website","url":"https:\/\/eltoro.rs\/","name":"STEAKHOUSE EL TORO since 2023","description":"STEAKHOUSE EL TORO since 2003","publisher":{"@id":"https:\/\/eltoro.rs\/#organization"},"potentialAction":[{"@type":"SearchAction","target":{"@type":"EntryPoint","urlTemplate":"https:\/\/eltoro.rs\/?s={search_term_string}"},"query-input":{"@type":"PropertyValueSpecification","valueRequired":true,"valueName":"search_term_string"}}],"inLanguage":"it-IT"},{"@type":"Organization","@id":"https:\/\/eltoro.rs\/#organization","name":"STEAKHOUSE EL TORO since 2023","url":"https:\/\/eltoro.rs\/","logo":{"@type":"ImageObject","inLanguage":"it-IT","@id":"https:\/\/eltoro.rs\/#\/schema\/logo\/image\/","url":"https:\/\/eltoro.rs\/wp-content\/uploads\/2024\/12\/el-toro-logo.png","contentUrl":"https:\/\/eltoro.rs\/wp-content\/uploads\/2024\/12\/el-toro-logo.png","width":151,"height":84,"caption":"STEAKHOUSE EL TORO since 2023"},"image":{"@id":"https:\/\/eltoro.rs\/#\/schema\/logo\/image\/"}}]}},"_links":{"self":[{"href":"https:\/\/eltoro.rs\/it\/wp-json\/wp\/v2\/pages\/514","targetHints":{"allow":["GET"]}}],"collection":[{"href":"https:\/\/eltoro.rs\/it\/wp-json\/wp\/v2\/pages"}],"about":[{"href":"https:\/\/eltoro.rs\/it\/wp-json\/wp\/v2\/types\/page"}],"author":[{"embeddable":true,"href":"https:\/\/eltoro.rs\/it\/wp-json\/wp\/v2\/users\/1"}],"replies":[{"embeddable":true,"href":"https:\/\/eltoro.rs\/it\/wp-json\/wp\/v2\/comments?post=514"}],"version-history":[{"count":3,"href":"https:\/\/eltoro.rs\/it\/wp-json\/wp\/v2\/pages\/514\/revisions"}],"predecessor-version":[{"id":618,"href":"https:\/\/eltoro.rs\/it\/wp-json\/wp\/v2\/pages\/514\/revisions\/618"}],"wp:attachment":[{"href":"https:\/\/eltoro.rs\/it\/wp-json\/wp\/v2\/media?parent=514"}],"curies":[{"name":"wp","href":"https:\/\/api.w.org\/{rel}","templated":true}]}}